{"id":35,"date":"2021-01-13T09:54:43","date_gmt":"2021-01-13T09:54:43","guid":{"rendered":"http:\/\/31.217.192.143\/~arkistoy\/blogi\/?page_id=35"},"modified":"2026-03-28T15:05:05","modified_gmt":"2026-03-28T15:05:05","slug":"etusivu","status":"publish","type":"page","link":"https:\/\/arkistoyhdistys.fi\/","title":{"rendered":"Arkistoyhdistys \u2013\u00a0Arkivf\u00f6reningen"},"content":{"rendered":"\n<div class=\"wp-block-columns alignwide is-layout-flex wp-container-core-columns-is-layout-9d6595d7 wp-block-columns-is-layout-flex\">\n<div class=\"wp-block-column is-layout-flow wp-block-column-is-layout-flow\">\n<div class=\"wp-block-group\"><div class=\"wp-block-group__inner-container is-layout-flow wp-block-group-is-layout-flow\">\n<figure class=\"wp-block-image alignfull size-large\"><img loading=\"lazy\" decoding=\"async\" width=\"600\" height=\"400\" src=\"http:\/\/31.217.192.143\/~arkistoy\/blogi\/wp-content\/uploads\/2021\/01\/AY-yhdistys-2.jpg\" alt=\"\" class=\"wp-image-207\" srcset=\"https:\/\/arkistoyhdistys.fi\/blogi\/wp-content\/uploads\/2021\/01\/AY-yhdistys-2.jpg 600w, https:\/\/arkistoyhdistys.fi\/blogi\/wp-content\/uploads\/2021\/01\/AY-yhdistys-2-300x200.jpg 300w\" sizes=\"auto, (max-width: 600px) 100vw, 600px\" \/><\/figure>\n\n\n\n<h3 class=\"wp-block-heading\" id=\"yhdistys\">Yhdistys<\/h3>\n\n\n\n<p>Arkistoyhdistys luo ja yll\u00e4pit\u00e4\u00e4 yhteyksi\u00e4 arkistoalalla toimivien henkil\u00f6iden v\u00e4lill\u00e4&nbsp;sek\u00e4 edist\u00e4\u00e4 alan tuntemusta ja tutkimusta.<\/p>\n\n\n\n<div class=\"wp-block-button is-style-fill\"><a class=\"wp-block-button__link wp-element-button\" href=\"http:\/\/arkistoyhdistys.fi\/index.php\/tietoja\/\">Lue lis\u00e4\u00e4 yhdistyksest\u00c4<\/a><\/div>\n<\/div><\/div>\n\n\n\n<div class=\"wp-block-group\"><div class=\"wp-block-group__inner-container is-layout-flow wp-block-group-is-layout-flow\">\n<figure class=\"wp-block-image alignfull size-large\"><img loading=\"lazy\" decoding=\"async\" width=\"600\" height=\"400\" src=\"http:\/\/31.217.192.143\/~arkistoy\/blogi\/wp-content\/uploads\/2021\/01\/AY-tulevat.jpg\" alt=\"\" class=\"wp-image-178\" srcset=\"https:\/\/arkistoyhdistys.fi\/blogi\/wp-content\/uploads\/2021\/01\/AY-tulevat.jpg 600w, https:\/\/arkistoyhdistys.fi\/blogi\/wp-content\/uploads\/2021\/01\/AY-tulevat-300x200.jpg 300w\" sizes=\"auto, (max-width: 600px) 100vw, 600px\" \/><\/figure>\n\n\n\n<h3 class=\"wp-block-heading\" id=\"tulevat-tapahtumat\">Tulevat tapahtumat<\/h3>\n\n\n\n<p>Tutustuminen SLS:n arkistoon ja tiloihin 4.5.2026&nbsp;<\/p>\n\n\n\n<p>Opintomatka Viroon \u2013 ilmoittautuminen aukeaa 4.5.2026<\/p>\n\n\n\n<div class=\"wp-block-button is-style-fill\"><a class=\"wp-block-button__link wp-element-button\" href=\"http:\/\/arkistoyhdistys.fi\/index.php\/tulevat-tapahtumat\/\">Lue lis\u00e4\u00e4 ja ilmoittaudu<\/a><\/div>\n<\/div><\/div>\n<\/div>\n\n\n\n<div class=\"wp-block-column is-layout-flow wp-block-column-is-layout-flow\">\n<div class=\"wp-block-group\"><div class=\"wp-block-group__inner-container is-layout-flow wp-block-group-is-layout-flow\">\n<figure class=\"wp-block-image alignfull size-large\"><img loading=\"lazy\" decoding=\"async\" width=\"600\" height=\"400\" src=\"http:\/\/31.217.192.143\/~arkistoy\/blogi\/wp-content\/uploads\/2021\/01\/AY-toiminta.jpg\" alt=\"\" class=\"wp-image-181\" srcset=\"https:\/\/arkistoyhdistys.fi\/blogi\/wp-content\/uploads\/2021\/01\/AY-toiminta.jpg 600w, https:\/\/arkistoyhdistys.fi\/blogi\/wp-content\/uploads\/2021\/01\/AY-toiminta-300x200.jpg 300w\" sizes=\"auto, (max-width: 600px) 100vw, 600px\" \/><\/figure>\n\n\n\n<h3 class=\"wp-block-heading\" id=\"toiminta\">Toiminta<\/h3>\n\n\n\n<p>Arkistoyhdistys j\u00e4rjest\u00e4\u00e4 esimerkiksi seminaareja ja webinaareja sek\u00e4 vierailuja kotimaisiin ja ulkomaisiin kohteisiin.<\/p>\n\n\n\n<div class=\"wp-block-button is-style-fill\"><a class=\"wp-block-button__link wp-element-button\" href=\"http:\/\/arkistoyhdistys.fi\/index.php\/ota-yhteytta\/\">Lue lis\u00e4\u00e4 toiminnasta<\/a><\/div>\n<\/div><\/div>\n\n\n\n<div class=\"wp-block-group\"><div class=\"wp-block-group__inner-container is-layout-flow wp-block-group-is-layout-flow\">\n<figure class=\"wp-block-image alignfull size-large\"><img loading=\"lazy\" decoding=\"async\" width=\"600\" height=\"400\" src=\"http:\/\/31.217.192.143\/~arkistoy\/blogi\/wp-content\/uploads\/2021\/01\/AY-jasenet.jpg\" alt=\"\" class=\"wp-image-179\" srcset=\"https:\/\/arkistoyhdistys.fi\/blogi\/wp-content\/uploads\/2021\/01\/AY-jasenet.jpg 600w, https:\/\/arkistoyhdistys.fi\/blogi\/wp-content\/uploads\/2021\/01\/AY-jasenet-300x200.jpg 300w\" sizes=\"auto, (max-width: 600px) 100vw, 600px\" \/><\/figure>\n\n\n\n<h3 class=\"wp-block-heading\" id=\"jasenille\">J\u00e4senille<\/h3>\n\n\n\n<p>Arkistoyhdistyksen j\u00e4senet voivat hallita omia tietojaan ja ladata vain j\u00e4senille tarkoitettua materiaalia j\u00e4sensivuilla Flomembers-palvelussa.<\/p>\n\n\n\n<div class=\"wp-block-button is-style-fill\"><a class=\"wp-block-button__link wp-element-button\" href=\"https:\/\/edge.flomembers.com\/arkistoyhdistys\/user\/login\">Siirry j\u00e4SeNsivuille<\/a><\/div>\n<\/div><\/div>\n<\/div>\n<\/div>\n\n\n\n<p>Jokainen arkistoalalla ja asiakirjahallinnon teht\u00e4viss\u00e4 ty\u00f6skentelev\u00e4 tai muutoin alaan perehtynyt henkil\u00f6 on tervetullut Arkistoyhdistyksen j\u00e4seneksi. <\/p>\n\n\n\n<div class=\"wp-block-buttons is-layout-flex wp-block-buttons-is-layout-flex\">\n<div class=\"wp-block-button is-style-fill\"><a class=\"wp-block-button__link wp-element-button\" href=\"https:\/\/edge.flomembers.com\/arkistoyhdistys\/members\/application?_lang=fi\">T\u00e4yt\u00e4 lomake ja Liity j\u00e4senekSi<\/a><\/div>\n<\/div>\n\n\n\n<p>Uudet j\u00e4senet hyv\u00e4ksyt\u00e4\u00e4n hallituksen kokouksissa. Hyv\u00e4ksymisen j\u00e4lkeen j\u00e4senelle l\u00e4hetet\u00e4\u00e4n lis\u00e4tietoja j\u00e4senmaksun maksamisesta ja ajankohtaisista tapahtumista. J\u00e4senmaksu on 20 euroa.<\/p>\n\n\n\n<p><\/p>\n","protected":false},"excerpt":{"rendered":"<p>Yhdistys Arkistoyhdistys luo ja yll\u00e4pit\u00e4\u00e4 yhteyksi\u00e4 arkistoalalla toimivien henkil\u00f6iden v\u00e4lill\u00e4&nbsp;sek\u00e4 edist\u00e4\u00e4 alan tuntemusta ja tutkimusta. Tulevat tapahtumat Tutustuminen SLS:n arkistoon ja tiloihin 4.5.2026&nbsp; Opintomatka Viroon \u2013 ilmoittautuminen aukeaa 4.5.2026 Toiminta Arkistoyhdistys j\u00e4rjest\u00e4\u00e4 esimerkiksi seminaareja ja webinaareja sek\u00e4 vierailuja kotimaisiin ja ulkomaisiin kohteisiin. J\u00e4senille Arkistoyhdistyksen j\u00e4senet voivat hallita omia tietojaan ja ladata vain j\u00e4senille tarkoitettua materiaalia [&hellip;]<\/p>\n","protected":false},"author":1,"featured_media":164,"parent":0,"menu_order":0,"comment_status":"closed","ping_status":"closed","template":"","meta":{"footnotes":""},"class_list":["post-35","page","type-page","status-publish","has-post-thumbnail","hentry"],"_links":{"self":[{"href":"https:\/\/arkistoyhdistys.fi\/index.php\/wp-json\/wp\/v2\/pages\/35","targetHints":{"allow":["GET"]}}],"collection":[{"href":"https:\/\/arkistoyhdistys.fi\/index.php\/wp-json\/wp\/v2\/pages"}],"about":[{"href":"https:\/\/arkistoyhdistys.fi\/index.php\/wp-json\/wp\/v2\/types\/page"}],"author":[{"embeddable":true,"href":"https:\/\/arkistoyhdistys.fi\/index.php\/wp-json\/wp\/v2\/users\/1"}],"replies":[{"embeddable":true,"href":"https:\/\/arkistoyhdistys.fi\/index.php\/wp-json\/wp\/v2\/comments?post=35"}],"version-history":[{"count":102,"href":"https:\/\/arkistoyhdistys.fi\/index.php\/wp-json\/wp\/v2\/pages\/35\/revisions"}],"predecessor-version":[{"id":895,"href":"https:\/\/arkistoyhdistys.fi\/index.php\/wp-json\/wp\/v2\/pages\/35\/revisions\/895"}],"wp:featuredmedia":[{"embeddable":true,"href":"https:\/\/arkistoyhdistys.fi\/index.php\/wp-json\/wp\/v2\/media\/164"}],"wp:attachment":[{"href":"https:\/\/arkistoyhdistys.fi\/index.php\/wp-json\/wp\/v2\/media?parent=35"}],"curies":[{"name":"wp","href":"https:\/\/api.w.org\/{rel}","templated":true}]}}