{"id":102,"date":"2021-01-13T11:44:41","date_gmt":"2021-01-13T11:44:41","guid":{"rendered":"http:\/\/31.217.192.143\/~arkistoy\/blogi\/?page_id=102"},"modified":"2021-01-13T11:44:41","modified_gmt":"2021-01-13T11:44:41","slug":"saannot","status":"publish","type":"page","link":"https:\/\/arkistoyhdistys.fi\/index.php\/saannot\/","title":{"rendered":"S\u00e4\u00e4nn\u00f6t"},"content":{"rendered":"\n<h3 class=\"wp-block-heading\">1 \u00a7<\/h3>\n\n\n\n<p>Yhdistyksen nimi on Arkistoyhdistys &#8211; Arkivf\u00f6reningen ry. Yhdistyksen kotipaikka on Helsingin kaupunki.<\/p>\n\n\n\n<h3 class=\"wp-block-heading\">2 \u00a7<\/h3>\n\n\n\n<p>Yhdistyksen kieli on suomi, mutta jokaisella j\u00e4senell\u00e4 on oikeus esitt\u00e4\u00e4 asiansa my\u00f6s ruotsin kielell\u00e4.<\/p>\n\n\n\n<h3 class=\"wp-block-heading\">3 \u00a7<\/h3>\n\n\n\n<p>Yhdistyksen tarkoitus on yll\u00e4pit\u00e4\u00e4 ja kehitt\u00e4\u00e4 yhteyksi\u00e4 arkistoalalla toimivien henkil\u00f6iden v\u00e4lill\u00e4 sek\u00e4 edist\u00e4\u00e4 arkistoalan harrastusta ja tuntemusta ja sen tieteellist\u00e4 tutkimusta. Tarkoituksiensa toteuttamiseksi yhdistys j\u00e4rjest\u00e4\u00e4 kokouksia ja keskustelutilaisuuksia, yll\u00e4pit\u00e4\u00e4 yhteyksi\u00e4 alan j\u00e4rjest\u00f6ihin sek\u00e4 toimittaa arkistoalaa koskevia tutkimuksia.<\/p>\n\n\n\n<p>Toimintansa tukemiseksi voi yhdistys ottaa vastaan varoja apurahoina, lahjoituksina ja testamentteina.<\/p>\n\n\n\n<h3 class=\"wp-block-heading\">4 \u00a7<\/h3>\n\n\n\n<p>Yhdistyksen j\u00e4seneksi voi p\u00e4\u00e4st\u00e4 hallituksen hyv\u00e4ksym\u00e4n\u00e4 arkistoalalla ty\u00f6skentelev\u00e4 tai siihen perehtynyt henkil\u00f6. Mik\u00e4li j\u00e4sen on kehoituksista huolimatta j\u00e4tt\u00e4nyt kahden per\u00e4kk\u00e4isen vuoden j\u00e4senmaksut suorittamatta voi hallitus p\u00e4\u00e4tt\u00e4\u00e4 h\u00e4nen erottamisestaan yhdistyksest\u00e4. J\u00e4senell\u00e4 on oikeus erota yhdistyksest\u00e4 ilmoittamalla siit\u00e4 kirjallisesti yhdistyksen hallitukselle tai sen puheenjohtajalle tai ilmoittamalla eroamisesta yhdistyksen kokouksen p\u00f6yt\u00e4kirjaan.<\/p>\n\n\n\n<p>Yhdistys voi my\u00f6s kutsua kunniaj\u00e4seni\u00e4.<\/p>\n\n\n\n<p>Yhdistys kantaa j\u00e4senilt\u00e4\u00e4n vuosimaksun, jonka suuruus m\u00e4\u00e4r\u00e4t\u00e4\u00e4n vuosikokouksessa kutakin toimintavuotta varten. Kunniaj\u00e4senilt\u00e4 vuosimaksua ei kanneta.<\/p>\n\n\n\n<h3 class=\"wp-block-heading\">5 \u00a7<\/h3>\n\n\n\n<p>Yhdistyksen hallitukseen kuuluu vuosikokouksessa valitut puheenjohtaja ja nelj\u00e4 varsinaista sek\u00e4 kaksi varaj\u00e4sent\u00e4. Hallituksen j\u00e4senten toimikausi on vuosikokousten v\u00e4linen aika. Hallitus valitsee keskuudestaan varapuheenjohtajan sek\u00e4 ottaa sihteerin, rahastonhoitajan ja muut tarvittavat toimihenkil\u00f6t. Hallitus on p\u00e4\u00e4t\u00f6svoimainen kun puheenjohtaja tai varapuheenjohtaja ja v\u00e4hint\u00e4\u00e4n kaksi sen j\u00e4sent\u00e4 on l\u00e4sn\u00e4. \u00c4\u00e4nten menness\u00e4 tasan ratkaisee puheenjohtajan \u00e4\u00e4ni.<\/p>\n\n\n\n<p>Puheenjohtaja tai varapuheenjohtaja jompikumpi yhdess\u00e4 sihteerin tai rahastonhoitajan kanssa merkitsev\u00e4t yhdistyksen nimen.<\/p>\n\n\n\n<h3 class=\"wp-block-heading\">6 \u00a7<\/h3>\n\n\n\n<p>Yhdistyksen tilikautena on kalenterivuosi. Yhdistyksell\u00e4 on kaksi tilintarkastajaa ja kaksi varatilintarkastajaa, jotka valitaan vuosikokouksessa.<\/p>\n\n\n\n<p>Tilinp\u00e4\u00e4t\u00f6s asiakirjoineen on annettava tilintarkastajille viimeist\u00e4\u00e4n kaksi viikkoa ennen vuosikokousta. Tilintarkastajien on annettava kirjallinen lausuntonsa hallitukselle viimeist\u00e4\u00e4n viikkoa ennen vuosikokousta.<\/p>\n\n\n\n<p>Yhdistyksen tilintarkastajien ja varatilintarkastajien toimikausi on vuosikokousten v\u00e4linen aika.<\/p>\n\n\n\n<h3 class=\"wp-block-heading\">7 \u00a7<\/h3>\n\n\n\n<p>Yhdistyksen kokoukset kutsuu koolle hallitus. Kokouskutsu on toimitettava aikaisintaan 2 kuukautta ja viimeist\u00e4\u00e4n viikkoa ennen kokousta l\u00e4hett\u00e4m\u00e4ll\u00e4 kutsu kirjallisena kullekin j\u00e4senelle.<\/p>\n\n\n\n<h3 class=\"wp-block-heading\">8 \u00a7<\/h3>\n\n\n\n<p>Yhdistyksen vuosikokous pidet\u00e4\u00e4n vuosittain hallituksen m\u00e4\u00e4r\u00e4\u00e4m\u00e4n\u00e4 p\u00e4iv\u00e4n\u00e4 ennen maaliskuun loppua.<\/p>\n\n\n\n<p>Ylim\u00e4\u00e4r\u00e4inen kokous pidet\u00e4\u00e4n, kun hallitus katsoo siihen olevan aihetta tai kun yhdistyksen j\u00e4senet, joita on v\u00e4hint\u00e4\u00e4n kymmenesosa (1\/10) yhdistyksen j\u00e4senm\u00e4\u00e4r\u00e4st\u00e4, sit\u00e4 hallitukselta ilmoittamaansa asiaa varten kirjallisesti pyyt\u00e4v\u00e4t. Kokous on kutsuttava viikon kuluessa pyynn\u00f6n esitt\u00e4misest\u00e4.<\/p>\n\n\n\n<h3 class=\"wp-block-heading\">9 \u00a7<\/h3>\n\n\n\n<p>Yhdistyksen vuosikokouksessa k\u00e4sitell\u00e4\u00e4n seuraavat asiat:<br>1. kokous avataan;<br>2. valitaan kokouksen puheenjohtaja, sihteeri, kaksi p\u00f6yt\u00e4kirjantarkastajaa ja kaksi \u00e4\u00e4ntenlaskijaa;<br>3. todetaan kokouksen laillisuus ja p\u00e4\u00e4t\u00f6svaltaisuus;<br>4. esitet\u00e4\u00e4n tilinp\u00e4\u00e4t\u00f6s, hallituksen toimintakertomus ja tilintarkastajien lausunto;<br>5. p\u00e4\u00e4tet\u00e4\u00e4n tilinp\u00e4\u00e4t\u00f6ksen vahvistamisesta;<br>6. p\u00e4\u00e4tet\u00e4\u00e4n vastuuvapauden my\u00f6nt\u00e4misest\u00e4 hallitukselle ja muille tilivelvollisille;<br>7. p\u00e4\u00e4tet\u00e4\u00e4n j\u00e4senmaksun suuruus;<br>8. vahvistetaan toimintasuunnitelma ja talousarvio kuluvalle toimintakaudelle;<br>9. valitaan hallituksen puheenjohtaja ja muut j\u00e4senet;<br>10. valitaan tilintarkastajat ja varatilintarkastajat;<br>11. k\u00e4sitell\u00e4\u00e4n muut kokouskutsussa mainitut ja kokoukselle esitetyt asiat.<\/p>\n\n\n\n<p>Jos yhdistyksen j\u00e4sen haluaa saada asian yhdistyksen kokouksen p\u00e4\u00e4tett\u00e4v\u00e4ksi, h\u00e4nen on ilmoitettava siit\u00e4 kirjallisesti hallitukselle niin ajoissa, ett\u00e4 asia voidaan sis\u00e4llytt\u00e4\u00e4 kokouskutsuun.<\/p>\n\n\n\n<h3 class=\"wp-block-heading\">10 \u00a7<\/h3>\n\n\n\n<p>Kokouksissa on jokaisella j\u00e4senell\u00e4 yksi \u00e4\u00e4ni.<\/p>\n\n\n\n<p>P\u00e4\u00e4t\u00f6kset tehd\u00e4\u00e4n yksinkertaisella \u00e4\u00e4nten enemmist\u00f6ll\u00e4, ellei p\u00e4\u00e4t\u00f6s koske yhdistyksen s\u00e4\u00e4nt\u00f6jen muuttamista tai yhdistyksen purkamista, jolloin vaaditaan, ett\u00e4 v\u00e4hint\u00e4\u00e4n kolme nelj\u00e4nnest\u00e4 kaikista \u00e4\u00e4nestyksess\u00e4 annetuista \u00e4\u00e4nist\u00e4 kannattaa p\u00e4\u00e4t\u00f6st\u00e4 ja ett\u00e4 yht\u00e4pit\u00e4v\u00e4 p\u00e4\u00e4t\u00f6s tehd\u00e4\u00e4n kahdessa per\u00e4tt\u00e4isess\u00e4 v\u00e4hint\u00e4\u00e4n yhden kuukauden v\u00e4liajoin pidett\u00e4v\u00e4ss\u00e4 kokouksessa. \u00c4\u00e4nten menness\u00e4 tasan ratkaisee arpa. Vaalit toimitetaan vaadittaessa suljetuin lipuin.<\/p>\n\n\n\n<h3 class=\"wp-block-heading\">11 \u00a7<\/h3>\n\n\n\n<p>Yhdistyksen purkautuessa sen varat k\u00e4ytet\u00e4\u00e4n yhdistyksen viimeisess\u00e4 kokouksessa p\u00e4\u00e4tett\u00e4v\u00e4ll\u00e4 tavalla yhdistyksen tarkoituksen edist\u00e4miseen ja sen arkisto lahjoitetaan Valtionarkistolle.<\/p>\n","protected":false},"excerpt":{"rendered":"<p>1 \u00a7 Yhdistyksen nimi on Arkistoyhdistys &#8211; Arkivf\u00f6reningen ry. Yhdistyksen kotipaikka on Helsingin kaupunki. 2 \u00a7 Yhdistyksen kieli on suomi, mutta jokaisella j\u00e4senell\u00e4 on oikeus esitt\u00e4\u00e4 asiansa my\u00f6s ruotsin kielell\u00e4. 3 \u00a7 Yhdistyksen tarkoitus on yll\u00e4pit\u00e4\u00e4 ja kehitt\u00e4\u00e4 yhteyksi\u00e4 arkistoalalla toimivien henkil\u00f6iden v\u00e4lill\u00e4 sek\u00e4 edist\u00e4\u00e4 arkistoalan harrastusta ja tuntemusta ja sen tieteellist\u00e4 tutkimusta. Tarkoituksiensa toteuttamiseksi [&hellip;]<\/p>\n","protected":false},"author":1,"featured_media":0,"parent":0,"menu_order":0,"comment_status":"closed","ping_status":"closed","template":"","meta":{"footnotes":""},"class_list":["post-102","page","type-page","status-publish","hentry"],"_links":{"self":[{"href":"https:\/\/arkistoyhdistys.fi\/index.php\/wp-json\/wp\/v2\/pages\/102","targetHints":{"allow":["GET"]}}],"collection":[{"href":"https:\/\/arkistoyhdistys.fi\/index.php\/wp-json\/wp\/v2\/pages"}],"about":[{"href":"https:\/\/arkistoyhdistys.fi\/index.php\/wp-json\/wp\/v2\/types\/page"}],"author":[{"embeddable":true,"href":"https:\/\/arkistoyhdistys.fi\/index.php\/wp-json\/wp\/v2\/users\/1"}],"replies":[{"embeddable":true,"href":"https:\/\/arkistoyhdistys.fi\/index.php\/wp-json\/wp\/v2\/comments?post=102"}],"version-history":[{"count":1,"href":"https:\/\/arkistoyhdistys.fi\/index.php\/wp-json\/wp\/v2\/pages\/102\/revisions"}],"predecessor-version":[{"id":104,"href":"https:\/\/arkistoyhdistys.fi\/index.php\/wp-json\/wp\/v2\/pages\/102\/revisions\/104"}],"wp:attachment":[{"href":"https:\/\/arkistoyhdistys.fi\/index.php\/wp-json\/wp\/v2\/media?parent=102"}],"curies":[{"name":"wp","href":"https:\/\/api.w.org\/{rel}","templated":true}]}}