{"id":92,"date":"2021-01-13T11:40:47","date_gmt":"2021-01-13T11:40:47","guid":{"rendered":"http:\/\/31.217.192.143\/~arkistoy\/blogi\/?page_id=92"},"modified":"2021-01-13T11:40:47","modified_gmt":"2021-01-13T11:40:47","slug":"julkaisut","status":"publish","type":"page","link":"http:\/\/arkistoyhdistys.fi\/index.php\/julkaisut\/","title":{"rendered":"Julkaisut"},"content":{"rendered":"\n<p>Arkistoyhdistyksen julkaisusarja Arkisto sis\u00e4lt\u00e4\u00e4 alan ammattilaisten kirjoituksia, jotka perustuvat seminaariesitelmiin ja valtakunnallisilla arkistop\u00e4ivill\u00e4 pidettyihin puheenvuoroihin&nbsp;tai ovat pyydettyj\u00e4 tekstej\u00e4 jostain m\u00e4\u00e4r\u00e4tyst\u00e4 aiheesta. Muutamat sarjan numerot ovat juhlakirjoja ja sarjassa on julkaistu my\u00f6s yksi v\u00e4it\u00f6skirja.<\/p>\n\n\n\n<p>Julkaisusarjan&nbsp;osia voi tilata s\u00e4hk\u00f6postitse rahastonhoitajalta (rahastonhoitaja(a)arkistoyhdistys.fi). Julkaisut l\u00e4hetet\u00e4\u00e4n postitse laskun kera. Ilmoita tilatessasi nimesi, postitusosoite ja laskutusosoite.<\/p>\n\n\n\n<p><strong>ARKISTO 1<\/strong>&nbsp;(Loppuunmyyty)<\/p>\n\n\n\n<p>Tekij\u00e4(t): Pirkko Rastas, Jussi Kuusanm\u00e4ki, Eljas Orrman (Toim.)<br>Arkisto. Arkistoyhdistyksen julkaisuja 1. Toimittaneet Pirkko Rastas, Jussi Kuusanm\u00e4ki, Eljas Orrman. Helsinki 1983. Omistettu arkistoneuvos Alpo Salmelalle.<\/p>\n\n\n\n<p>ISBN: 951-99490-3-8<\/p>\n\n\n\n<p><strong>ARKISTO 2<\/strong><\/p>\n\n\n\n<p>Tekij\u00e4(t): Raija Majamaa (Toim.)<br>Arkisto. Arkistoyhdistyksen julkaisuja 2. Toimittaneet Raija Majamaa (vastaava), Pertti Hakala, Kauko I. Rumpunen. Helsinki 1987. Sis\u00e4lt\u00e4\u00e4 artikkeleita arkistoalan teoreettisista ja k\u00e4yt\u00e4nn\u00f6llisist\u00e4 kysymyksist\u00e4.<\/p>\n\n\n\n<p>ISBN: 951-99873-6-3<br>Hinta: 5,00 e<\/p>\n\n\n\n<p><strong>ARKISTO 3<\/strong><\/p>\n\n\n\n<p>Tekij\u00e4(t): Pertti Hakala, Jussi Kuusanm\u00e4ki, Matti Simola (Toim.)<br>Arkisto. Arkistoyhdistyksen julkaisuja 3. Julkaisutoimikunta Pertti Hakala, Jussi Kuusanm\u00e4ki, Matti Simola. Helsinki 1988. Sis\u00e4lt\u00e4\u00e4 Tammisaaren pohjoismaisessa paikallisarkistokokouksessa 4.-6.11.1987 esitetyt raportit ja puheenvuorot.<\/p>\n\n\n\n<p>ISBN: 951-99980-8-X<br>Hinta: 5,00 e<\/p>\n\n\n\n<p><strong>ARKISTO 4<\/strong><\/p>\n\n\n\n<p>Tekij\u00e4(t): Kristiina Laine (toim.)<br>Arkisto. Arkistoyhdistyksen julkaisuja 4. Toimittanut Kristiina Laine. Suomen Kolmannet Arkistop\u00e4iv\u00e4t 24.-25.5.1989 Turussa. Helsinki 1990.<\/p>\n\n\n\n<p>ISBN: 951-47-3846-2<br>Hinta: 5,00 e<\/p>\n\n\n\n<p><strong>ARKISTO 5<\/strong><\/p>\n\n\n\n<p>Tekij\u00e4(t): Markku M\u00e4enp\u00e4\u00e4 (Toim.)<br>Arkisto. Arkistoyhdistyksen julkaisuja 5. Julkaisutoimikunta Markku M\u00e4enp\u00e4\u00e4, Veli-Matti Syrj\u00f6, Pirkko Taskinen. Helsinki 1994. Sis\u00e4lt\u00e4\u00e4 artikkeleita arkistoista ja atk:sta; arkistoteoriasta, arkistohistoriasta ja &#8221;kent\u00e4lt\u00e4&#8221;.<\/p>\n\n\n\n<p>ISSN 0780-475X<br>Hinta: 5,00 e<\/p>\n\n\n\n<p><strong>ARKISTO 6<\/strong><\/p>\n\n\n\n<p>Tekij\u00e4(t): Markku M\u00e4enp\u00e4\u00e4 (Toim.)<br>Arkisto. Arkistoyhdistyksen julkaisuja 6. Toimittanut Markku M\u00e4enp\u00e4\u00e4. Helsinki 1999.Sis\u00e4lt\u00e4\u00e4 artikkeleita arkistoista ja tietotekniikasta; arkistoteoriasta, arkistohistoriasta, kansainv\u00e4lisist\u00e4 arkistoasioista ja &#8221;kent\u00e4lt\u00e4&#8221;. Omistettu arkistoneuvos Pirkko Rastaalle.<\/p>\n\n\n\n<p>ISSN 0780-475X<br>Hinta: 10,00 e<\/p>\n\n\n\n<p><strong>MUSARUM MINISTER &#8211; STUDIA IN HONOREM KARI TARKIAINEN<\/strong><\/p>\n\n\n\n<p>Tekij\u00e4(t): Raimo Pohjola (Toim.)<br>Musarum Minister Studia In Honorem Kari Tarkiainen. Kari Tarkiainen 60 vuotta. Arkistolaitoksen p\u00e4\u00e4johtajan Kari Tarkiaisen juhlakirja. Tampere 1998.<\/p>\n\n\n\n<p>ISBN: 951-97874-0-2<br>Hinta: 15,00 e<\/p>\n\n\n\n<p><strong>ARKISTO 7<\/strong><\/p>\n\n\n\n<p>Tekij\u00e4(t): Markku M\u00e4enp\u00e4\u00e4 (toim.)<br>Arkisto. Arkistoyhdistyksen julkaisuja 7. Julkaisutoimikunta Markku M\u00e4enp\u00e4\u00e4, Pekka Henttonen, Raija Majamaa, Eeva Miettinen, Elisa Orrman, John Str\u00f6mberg. Helsinki 2002.<\/p>\n\n\n\n<p>Julkaisun alaotsikko on Arkistot ja kulttuuri. Se sis\u00e4lt\u00e4\u00e4 artikkeleita erilaisista arkistoista sek\u00e4 niiden toiminnasta ja merkityksest\u00e4 kansakunnan muistia s\u00e4ilytt\u00e4vin\u00e4 kulttuurilaitoksina.<\/p>\n\n\n\n<p>ISSN 0780-475X<br>Hinta: 12,00 e, j\u00e4senille 10,00 e<\/p>\n\n\n\n<p><strong>ARKISTO 8<\/strong><\/p>\n\n\n\n<p>Tekij\u00e4(t): Markku M\u00e4enp\u00e4\u00e4 (toim.)<br>Arkisto. Arkistoyhdistyksen julkaisuja 8. Julkaisutoimikunta Markku M\u00e4enp\u00e4\u00e4(vastaava), Jari Lybeck, Raija Majamaa, Marja Pohjola, Kari Tarkiainen, Pirkko Taskinen. Helsinki 2002. Omistettu arkistoneuvos Raimo Pohjolalle.<\/p>\n\n\n\n<p>Julkaisun artikkelit on koottu ajatellen Raimo Pohjolan arkistouraa. Artikkeleissa k\u00e4sitell\u00e4\u00e4n mm. historiankirjoitusta, Joensuun maakunta-arkiston vaiheita, asiakirjahallintoa, elektronisia aineistoja ja niihin liittyvi\u00e4 kysymyksi\u00e4 sek\u00e4 arkistolaitoksen kansainv\u00e4list\u00e4 yhteisty\u00f6t\u00e4 ja kontakteja erityisesti Viroon.<\/p>\n\n\n\n<p>ISSN 0780-475X<br>Hinta: 12,00 e, j\u00e4senille 10 e<\/p>\n\n\n\n<p><strong>ARKISTO 9<\/strong><\/p>\n\n\n\n<p>Tekij\u00e4(t): Markku M\u00e4enp\u00e4\u00e4 (toim.)<br>Arkisto. Arkistoyhdistyksen julkaisuja 9. Julkaisutoimikunta Anne Alakallaanvaara, Pekka Henttonen, Markku M\u00e4enp\u00e4\u00e4, Marjo Rita Valtonen. Saarij\u00e4rvi 2004.<\/p>\n\n\n\n<p>Yhdeks\u00e4nnen osan teemana on arkistotiede. Siihen on koottu artikkeleita I-II kansainv\u00e4lisist\u00e4 arkistotieteellisist\u00e4 seminaareista (vv. 2002\u20132003), jotka toteutettiin Tampereen yliopiston informaatiotutkimuksen laitoksen, arkistoyhdistyksen ja arkistolaitoksen yhteisty\u00f6n\u00e4. Ensimm\u00e4isen seminaarin teemana oli Archival Science &#8211; New Trends in the Paradigm ja toisen teemana s\u00e4hk\u00f6isten asiakirjojen hallinta ja arkistotieteen kentt\u00e4 ja k\u00e4sitteit\u00e4. Teemaa t\u00e4ydent\u00e4\u00e4 pari opinn\u00e4ytet\u00f6ihin pohjautuvaa artikkelia organisaatiomuistin k\u00e4sitteest\u00e4 ja arkistoteoreettisesta tapaustutkimuksesta.<\/p>\n\n\n\n<p>ISSN 0780-475X<br>Hinta: 15,00 e j\u00e4senille, 20 e muille<\/p>\n\n\n\n<p><strong>ARKISTO 10<\/strong><\/p>\n\n\n\n<p>Tekij\u00e4(t): Marjo Rita Valtonen<br>Tapaustutkimus poliisin esitutkinnan dokumentoinnista: asiakirjahallinnan n\u00e4k\u00f6kulma. Arkistoyhdistyksen julkaisuja 10. Tekij\u00e4 Marjo Rita Valtonen. Helsinki 2005.<\/p>\n\n\n\n<p>Marjo Rita Valtosen v\u00e4it\u00f6skirja on ensimm\u00e4inen asiakirjahallinnon alan v\u00e4it\u00f6skirjatutkimus Suomessa. Tutkimuksessa analysoidaan asiakirjatiedon tuottamisen ja tallentamisen kulkua, k\u00e4yt\u00e4nt\u00f6j\u00e4 ja toimintaymp\u00e4rist\u00f6n asettamia ehtoja. Esimerkkitapauksena on poliisin esitutkintaprosessi.<\/p>\n\n\n\n<p>ISSN 0780-475X<br>Hinta: 15 e j\u00e4senille, 20 e muille<\/p>\n\n\n\n<p><strong>ARKISTO 11<\/strong><\/p>\n\n\n\n<p>Tekij\u00e4t: P\u00e4ivi Happonen &amp; toimituskunta.<\/p>\n\n\n\n<p>Kleion pauloissa.<\/p>\n\n\n\n<p>Teos on valtionarkistonhoitaja Jussi Nuortevalle omistettu juhlakirja h\u00e4nen t\u00e4ytt\u00e4ess\u00e4\u00e4n 60 vuotta 22. hein\u00e4kuuta 2014. Teoksen artikkelit k\u00e4sittelev\u00e4t monipuolisesti kirjoja ja kirjailijoita, yliopistoyhteis\u00f6n ja hallinnon historiaa sek\u00e4 arkistojen toimintaa viime vuosikymmenen aikana. Suomen keskiaikaista kulttuuria valaistaan osittain my\u00f6s poikkitieteellisest\u00e4 n\u00e4k\u00f6kulmasta. Kirjassa on yhteens\u00e4 kolmekymment\u00e4kaksi artikkelia. Teoksen lopussa on Jussi Nuortevan bibliografia.<\/p>\n\n\n\n<p>Teos on julkaistu yhdess\u00e4 arkistolaitoksen ja Suomalaisen Kirjallisuuden Seuran kanssa.<\/p>\n\n\n\n<p>ISSN 0780-475X; Arkistoyhdistyksen julkaisuja, 11<\/p>\n\n\n\n<p>ISSN 1795-9683 ; Arkistolaitoksen toimituksia, 17<\/p>\n\n\n\n<p>ISSN 2323-7392 ; Kirjokansi, 53<\/p>\n\n\n\n<p>Hinta: 30 e j\u00e4senille, 35 e muille<\/p>\n","protected":false},"excerpt":{"rendered":"<p>Arkistoyhdistyksen julkaisusarja Arkisto sis\u00e4lt\u00e4\u00e4 alan ammattilaisten kirjoituksia, jotka perustuvat seminaariesitelmiin ja valtakunnallisilla arkistop\u00e4ivill\u00e4 pidettyihin puheenvuoroihin&nbsp;tai ovat pyydettyj\u00e4 tekstej\u00e4 jostain m\u00e4\u00e4r\u00e4tyst\u00e4 aiheesta. Muutamat sarjan numerot ovat juhlakirjoja ja sarjassa on julkaistu my\u00f6s yksi v\u00e4it\u00f6skirja. Julkaisusarjan&nbsp;osia voi tilata s\u00e4hk\u00f6postitse rahastonhoitajalta (rahastonhoitaja(a)arkistoyhdistys.fi). Julkaisut l\u00e4hetet\u00e4\u00e4n postitse laskun kera. Ilmoita tilatessasi nimesi, postitusosoite ja laskutusosoite. ARKISTO 1&nbsp;(Loppuunmyyty) Tekij\u00e4(t): Pirkko Rastas, [&hellip;]<\/p>\n","protected":false},"author":1,"featured_media":0,"parent":0,"menu_order":0,"comment_status":"closed","ping_status":"closed","template":"","meta":{"footnotes":""},"class_list":["post-92","page","type-page","status-publish","hentry"],"_links":{"self":[{"href":"http:\/\/arkistoyhdistys.fi\/index.php\/wp-json\/wp\/v2\/pages\/92","targetHints":{"allow":["GET"]}}],"collection":[{"href":"http:\/\/arkistoyhdistys.fi\/index.php\/wp-json\/wp\/v2\/pages"}],"about":[{"href":"http:\/\/arkistoyhdistys.fi\/index.php\/wp-json\/wp\/v2\/types\/page"}],"author":[{"embeddable":true,"href":"http:\/\/arkistoyhdistys.fi\/index.php\/wp-json\/wp\/v2\/users\/1"}],"replies":[{"embeddable":true,"href":"http:\/\/arkistoyhdistys.fi\/index.php\/wp-json\/wp\/v2\/comments?post=92"}],"version-history":[{"count":1,"href":"http:\/\/arkistoyhdistys.fi\/index.php\/wp-json\/wp\/v2\/pages\/92\/revisions"}],"predecessor-version":[{"id":94,"href":"http:\/\/arkistoyhdistys.fi\/index.php\/wp-json\/wp\/v2\/pages\/92\/revisions\/94"}],"wp:attachment":[{"href":"http:\/\/arkistoyhdistys.fi\/index.php\/wp-json\/wp\/v2\/media?parent=92"}],"curies":[{"name":"wp","href":"https:\/\/api.w.org\/{rel}","templated":true}]}}