{"id":823,"date":"2025-09-27T03:36:04","date_gmt":"2025-09-27T03:36:04","guid":{"rendered":"http:\/\/arkistoyhdistys.fi\/?page_id=823"},"modified":"2025-11-06T13:40:25","modified_gmt":"2025-11-06T13:40:25","slug":"asiakirjat-vallan-ytimesta-politiikan-ja-hallinnon-lahteilla","status":"publish","type":"page","link":"http:\/\/arkistoyhdistys.fi\/index.php\/asiakirjat-vallan-ytimesta-politiikan-ja-hallinnon-lahteilla\/","title":{"rendered":"Asiakirjat vallan ytimest\u00e4 \u2013 Politiikan ja hallinnon l\u00e4hteill\u00e4"},"content":{"rendered":"\n<h2 class=\"wp-block-heading\">Arkistoyhdistyksen syysseminaari<\/h2>\n\n\n\n<h5 class=\"wp-block-heading\"><strong>Pikkuparlamentin auditorio 31.10.2025<\/strong><\/h5>\n\n\n\n<p><\/p>\n\n\n\n<h5 class=\"wp-block-heading\">Esitykset:<\/h5>\n\n\n\n<p><a href=\"http:\/\/arkistoyhdistys.fi\/blogi\/wp-content\/uploads\/2025\/11\/AY-2025-Halla-aho.pdf\" data-type=\"attachment\" data-id=\"848\">Syysseminaarin avaus<\/a>, Eduskunnan puhemies Jussi Halla-aho<\/p>\n\n\n\n<p><a href=\"http:\/\/arkistoyhdistys.fi\/blogi\/wp-content\/uploads\/2025\/11\/AY-2025-Kurth.pdf\" data-type=\"attachment\" data-id=\"844\">EU-asiat Eduskunnassa<\/a>, viestint\u00e4asiantuntija Rami Kurth, eduskunta<\/p>\n\n\n\n<p><a href=\"http:\/\/arkistoyhdistys.fi\/blogi\/wp-content\/uploads\/2025\/11\/AY-2025-Hakala.pdf\" data-type=\"attachment\" data-id=\"847\">Mist\u00e4 l\u00f6yd\u00e4n eduskunnan asiakirjoja?<\/a>, johtava tietoasiantuntija Kristiina Hakala, eduskunta<\/p>\n\n\n\n<p><a href=\"http:\/\/arkistoyhdistys.fi\/blogi\/wp-content\/uploads\/2025\/11\/AY-2025-Enberg.pdf\" data-type=\"attachment\" data-id=\"846\">Tasavallan Presidentin asiakirja-aineistot<\/a>, tutkija Tapio Enberg, UKK-arkisto<\/p>\n\n\n\n<p><a href=\"http:\/\/arkistoyhdistys.fi\/blogi\/wp-content\/uploads\/2025\/11\/AY-2025-Ahoranta.pdf\" data-type=\"attachment\" data-id=\"845\">Kansallisarkiston valtionhallinnon ja politiikan aineistot<\/a>, ylitarkastaja Tomi Ahoranta, Kansallisarkisto<\/p>\n\n\n\n<p><a href=\"http:\/\/arkistoyhdistys.fi\/blogi\/wp-content\/uploads\/2025\/11\/AY-2025-Karhu.pdf\" data-type=\"attachment\" data-id=\"849\">Var f\u00f6rvaras partiernas arkiv?<\/a><strong>,\u00a0<\/strong>arkivchef\u00a0Lena Karhu, Svenska Centralarkivet\u00a0<\/p>\n\n\n\n<p><a href=\"http:\/\/arkistoyhdistys.fi\/blogi\/wp-content\/uploads\/2025\/11\/AY-2025-Krekola.pdf\" data-type=\"attachment\" data-id=\"850\">Eduskunnan arkisto \u2013 arkistoesittely<\/a>, tutkija Joni Krekola, eduskunta<\/p>\n\n\n\n<p><\/p>\n","protected":false},"excerpt":{"rendered":"<p>Arkistoyhdistyksen syysseminaari Pikkuparlamentin auditorio 31.10.2025 Esitykset: Syysseminaarin avaus, Eduskunnan puhemies Jussi Halla-aho EU-asiat Eduskunnassa, viestint\u00e4asiantuntija Rami Kurth, eduskunta Mist\u00e4 l\u00f6yd\u00e4n eduskunnan asiakirjoja?, johtava tietoasiantuntija Kristiina Hakala, eduskunta Tasavallan Presidentin asiakirja-aineistot, tutkija Tapio Enberg, UKK-arkisto Kansallisarkiston valtionhallinnon ja politiikan aineistot, ylitarkastaja Tomi Ahoranta, Kansallisarkisto Var f\u00f6rvaras partiernas arkiv?,\u00a0arkivchef\u00a0Lena Karhu, Svenska Centralarkivet\u00a0 Eduskunnan arkisto \u2013 arkistoesittely, tutkija [&hellip;]<\/p>\n","protected":false},"author":1,"featured_media":0,"parent":0,"menu_order":0,"comment_status":"closed","ping_status":"closed","template":"","meta":{"footnotes":""},"class_list":["post-823","page","type-page","status-publish","hentry"],"_links":{"self":[{"href":"http:\/\/arkistoyhdistys.fi\/index.php\/wp-json\/wp\/v2\/pages\/823","targetHints":{"allow":["GET"]}}],"collection":[{"href":"http:\/\/arkistoyhdistys.fi\/index.php\/wp-json\/wp\/v2\/pages"}],"about":[{"href":"http:\/\/arkistoyhdistys.fi\/index.php\/wp-json\/wp\/v2\/types\/page"}],"author":[{"embeddable":true,"href":"http:\/\/arkistoyhdistys.fi\/index.php\/wp-json\/wp\/v2\/users\/1"}],"replies":[{"embeddable":true,"href":"http:\/\/arkistoyhdistys.fi\/index.php\/wp-json\/wp\/v2\/comments?post=823"}],"version-history":[{"count":6,"href":"http:\/\/arkistoyhdistys.fi\/index.php\/wp-json\/wp\/v2\/pages\/823\/revisions"}],"predecessor-version":[{"id":852,"href":"http:\/\/arkistoyhdistys.fi\/index.php\/wp-json\/wp\/v2\/pages\/823\/revisions\/852"}],"wp:attachment":[{"href":"http:\/\/arkistoyhdistys.fi\/index.php\/wp-json\/wp\/v2\/media?parent=823"}],"curies":[{"name":"wp","href":"https:\/\/api.w.org\/{rel}","templated":true}]}}