{"id":719,"date":"2024-09-11T05:42:58","date_gmt":"2024-09-11T05:42:58","guid":{"rendered":"http:\/\/arkistoyhdistys.fi\/?page_id=719"},"modified":"2024-11-01T12:46:53","modified_gmt":"2024-11-01T12:46:53","slug":"arkistot-ja-eu-syysseminaari-25-10-2024","status":"publish","type":"page","link":"http:\/\/arkistoyhdistys.fi\/index.php\/arkistot-ja-eu-syysseminaari-25-10-2024\/","title":{"rendered":"&#8221;Arkistot ja EU&#8221; Syysseminaari 2024"},"content":{"rendered":"\n<p>Arkistoyhdistyksen perinteinen syysseminaari j\u00e4rjestettiin 25.10.2024. Seminaarin teemana oli t\u00e4n\u00e4 vuonna &#8221;<strong>Arkistot ja EU<\/strong>&#8221;. Seminaarin esityksiss\u00e4 ja keskusteluissa tarkasteltiin monipuolisesti eri n\u00e4k\u00f6kulmista, miten EU on vaikuttanut arkistointiin ja tiedonhallintaan.<\/p>\n\n\n\n<h2 class=\"wp-block-heading\"><strong>Ohjelma ja esitykset<\/strong><\/h2>\n\n\n\n<p><a href=\"http:\/\/arkistoyhdistys.fi\/blogi\/wp-content\/uploads\/2024\/11\/EU-saately-ja-arkistot-Arkistoyhdistys.pdf\" data-type=\"attachment\" data-id=\"757\">EU:n digis\u00e4\u00e4tely ja arkistot<\/a>. Kansliap\u00e4\u00e4llikk\u00f6 <strong>Jonas L\u00e5ng<\/strong> (SLS)<\/p>\n\n\n\n<p><a href=\"http:\/\/arkistoyhdistys.fi\/blogi\/wp-content\/uploads\/2024\/11\/eArchiving-arkkitehtuurit-ja-arkistot.pdf\" data-type=\"attachment\" data-id=\"756\">eArchiving, arkkitehtuurit ja arkistot<\/a>. Tiedonhallintap\u00e4\u00e4llikk\u00f6<strong> Markus Merenmies<\/strong> (Kansallisarkisto)<\/p>\n\n\n\n<p><a href=\"http:\/\/arkistoyhdistys.fi\/blogi\/wp-content\/uploads\/2024\/11\/Syysseminaari-Henriksson-2024.pdf\" data-type=\"attachment\" data-id=\"760\">Kulttuuriperinn\u00f6n data-avaruudet<\/a>. Arkistonjohtaja <strong>Juha Henriksson<\/strong> (Musiikkiarkisto, Time Machine ja Europeana)<\/p>\n\n\n\n<p><a href=\"http:\/\/arkistoyhdistys.fi\/blogi\/wp-content\/uploads\/2024\/11\/EU-asiakirjahallinta-ja-kehittaminen-valtioneuvostossa.pdf\" data-type=\"attachment\" data-id=\"758\">EU-asiakirjahallinta ja kehitt\u00e4minen valtioneuvostossa<\/a>. Tietoasiantuntija <strong>Maarit Ilom\u00e4ki <\/strong>ja tiedonhallinnan suunnittelija <strong>Marianne Kurittu<\/strong> (valtioneuvoston kanslia).<\/p>\n\n\n\n<p><a href=\"http:\/\/arkistoyhdistys.fi\/blogi\/wp-content\/uploads\/2024\/11\/20241022_EU_och_Aland_5.pdf\" data-type=\"attachment\" data-id=\"755\">Dokumenthantering p\u00e5 \u00c5land \u2013 med alltmer reglering och influenser fr\u00e5n riket,\u00a0EU och Sverige!?<\/a> Landskapsarkivarie <strong>\u00c5ke S\u00f6derlund<\/strong> (\u00c5lands landskapsarkiv)<\/p>\n\n\n\n<p><a href=\"http:\/\/arkistoyhdistys.fi\/blogi\/wp-content\/uploads\/2024\/11\/Syysseminaari-2024-Hyvarinen.pdf\" data-type=\"attachment\" data-id=\"759\">Vain lis\u00e4\u00e4 s\u00e4\u00e4ntely\u00e4 ja byrokratiaa? EU:n vaikutus kansainv\u00e4lisen yrityksen tiedonhallintaan \/ arkistointiin<\/a>.<strong>\u00a0Mikko Hyv\u00e4rinen<\/strong> (Mets\u00e4 Group)<\/p>\n\n\n\n<p><a href=\"http:\/\/arkistoyhdistys.fi\/index.php\/2024\/10\/25\/vuoden-arkistoteko-palkinto-2024-maarit-tyrkolle\/\" data-type=\"post\" data-id=\"747\">Vuoden Arkistoteon julkistaminen<\/a><\/p>\n\n\n\n<p>Paneelikeskustelu EU:n vaikutuksista arkistointiin ja tiedonhallintaan. <strong>Juha Henriksson<\/strong> (pj), tutkimusp\u00e4\u00e4llikk\u00f6 <strong>Anssi J\u00e4\u00e4skel\u00e4inen<\/strong> (Xamk), <strong>Markus Merenmies<\/strong>, <strong>Mikko Hyv\u00e4rinen<\/strong>,<strong> \u00c5ke S\u00f6derlund<\/strong> ja TKI-yksik\u00f6n johtaja <strong>Stina Westman<\/strong> (Xamk).<\/p>\n\n\n\n<p><\/p>\n\n\n\n<p><\/p>\n","protected":false},"excerpt":{"rendered":"<p>Arkistoyhdistyksen perinteinen syysseminaari j\u00e4rjestettiin 25.10.2024. Seminaarin teemana oli t\u00e4n\u00e4 vuonna &#8221;Arkistot ja EU&#8221;. Seminaarin esityksiss\u00e4 ja keskusteluissa tarkasteltiin monipuolisesti eri n\u00e4k\u00f6kulmista, miten EU on vaikuttanut arkistointiin ja tiedonhallintaan. Ohjelma ja esitykset EU:n digis\u00e4\u00e4tely ja arkistot. Kansliap\u00e4\u00e4llikk\u00f6 Jonas L\u00e5ng (SLS) eArchiving, arkkitehtuurit ja arkistot. Tiedonhallintap\u00e4\u00e4llikk\u00f6 Markus Merenmies (Kansallisarkisto) Kulttuuriperinn\u00f6n data-avaruudet. Arkistonjohtaja Juha Henriksson (Musiikkiarkisto, Time Machine [&hellip;]<\/p>\n","protected":false},"author":1,"featured_media":0,"parent":0,"menu_order":0,"comment_status":"closed","ping_status":"closed","template":"","meta":{"footnotes":""},"class_list":["post-719","page","type-page","status-publish","hentry"],"_links":{"self":[{"href":"http:\/\/arkistoyhdistys.fi\/index.php\/wp-json\/wp\/v2\/pages\/719","targetHints":{"allow":["GET"]}}],"collection":[{"href":"http:\/\/arkistoyhdistys.fi\/index.php\/wp-json\/wp\/v2\/pages"}],"about":[{"href":"http:\/\/arkistoyhdistys.fi\/index.php\/wp-json\/wp\/v2\/types\/page"}],"author":[{"embeddable":true,"href":"http:\/\/arkistoyhdistys.fi\/index.php\/wp-json\/wp\/v2\/users\/1"}],"replies":[{"embeddable":true,"href":"http:\/\/arkistoyhdistys.fi\/index.php\/wp-json\/wp\/v2\/comments?post=719"}],"version-history":[{"count":18,"href":"http:\/\/arkistoyhdistys.fi\/index.php\/wp-json\/wp\/v2\/pages\/719\/revisions"}],"predecessor-version":[{"id":765,"href":"http:\/\/arkistoyhdistys.fi\/index.php\/wp-json\/wp\/v2\/pages\/719\/revisions\/765"}],"wp:attachment":[{"href":"http:\/\/arkistoyhdistys.fi\/index.php\/wp-json\/wp\/v2\/media?parent=719"}],"curies":[{"name":"wp","href":"https:\/\/api.w.org\/{rel}","templated":true}]}}