{"id":439,"date":"2022-04-27T09:45:35","date_gmt":"2022-04-27T09:45:35","guid":{"rendered":"http:\/\/arkistoyhdistys.fi\/?page_id=439"},"modified":"2022-06-14T03:11:58","modified_gmt":"2022-06-14T03:11:58","slug":"opintomatka-kataloniaan-1-8-10-2022","status":"publish","type":"page","link":"http:\/\/arkistoyhdistys.fi\/index.php\/opintomatka-kataloniaan-1-8-10-2022\/","title":{"rendered":"Opintomatka Kataloniaan 1.\u20138.10.2022"},"content":{"rendered":"\n<p>Arkistoyhdistys j\u00e4rjest\u00e4\u00e4 1.\u20138.10.2022 opintomatkan Kataloniaan. Matkan keskuspaikkana toimii Barcelona. Opintomatkaan sis\u00e4ltyy monipuolinen vierailuohjelma, jonka aikana tutustutaan muun muassa Barcelonan, Montserratin ja Gironan arkistoihin ja kulttuuriperint\u00f6\u00f6n.&nbsp;Pid\u00e4t\u00e4mme oikeuden suunnitelman muutoksiin.&nbsp;<\/p>\n\n\n\n<p>Alustava ohjelma l\u00f6ytyy linkin takaa:&nbsp;<\/p>\n\n\n\n<p><a href=\"http:\/\/arkistoyhdistys.fi\/blogi\/wp-content\/uploads\/2022\/04\/STUDY-TOUR-OF-FINNISH-ARCHIVISTS-TO-CATALUNYA-2022.pdf\" target=\"_blank\" rel=\"noreferrer noopener\">Linkki alustavaan matkaohjelmaan.<\/a><\/p>\n\n\n\n<p><\/p>\n\n\n\n<p><strong>LENNOT JA HOTELLI<\/strong><\/p>\n\n\n\n<p>Lentoaikataulu:<\/p>\n\n\n\n<p>1.10.2022 AY1653 Helsinki-Vantaa (HEL) klo 17:05 \u2013 Barcelona (BCN) 20:05.<\/p>\n\n\n\n<p>8.10.2022 AY1654 BCN klo 10:05 \u2013 HEL klo 15:10.<\/p>\n\n\n\n<p>Majoitus<\/p>\n\n\n\n<p>&nbsp;Lleo (***),&nbsp;Carrer del Pelai 22\u201324, 08001 Barcelona. Lis\u00e4tietoja hotellista:<\/p>\n\n\n\n<p><a href=\"https:\/\/www.hotel-lleo.com\/\" target=\"_blank\" rel=\"noreferrer noopener\">Linkki hotellin kotisivuille.<\/a><\/p>\n\n\n\n<p><\/p>\n\n\n\n<p><strong>HINTA<\/strong><\/p>\n\n\n\n<p>Matkan&nbsp;<em>arvioitu&nbsp;<\/em>hinta on&nbsp;<\/p>\n\n\n\n<p>2 hh:&nbsp;<strong>976 \u20ac\/ hl\u00f6<\/strong>&nbsp;jaetussa kahden hengen huoneessa<\/p>\n\n\n\n<p>1 hh:&nbsp;<strong>1306 \u20ac\/ hl\u00f6<\/strong><\/p>\n\n\n\n<p>Hintoihin sis\u00e4ltyy:<\/p>\n\n\n\n<p>Lennot Finnairin lennoilla Helsinki-Barcelona-Helsinki. Lentohinta (Economy Class) sis\u00e4lt\u00e4\u00e4 matkatavaroita ruumaan 1 x 23 kg ja matkustamoon 1 x 8 kg.<\/p>\n\n\n\n<p>Majoitus hotellissa, 7 y\u00f6t\u00e4 aamiaisella, joko kahden tai yhden hengen huoneissa<\/p>\n\n\n\n<p>Lentokentt\u00e4kuljetukset hotellille\/hotellilta.&nbsp;Lentokentt\u00e4verot ja -maksut<\/p>\n\n\n\n<p>Hinnat edellytt\u00e4v\u00e4t v\u00e4hint\u00e4\u00e4n 30 matkustajaa ja niihin saattaa my\u00f6hemmin tulla muutoksia matkanj\u00e4rjest\u00e4j\u00e4st\u00e4 riippumattomista syist\u00e4. Lis\u00e4ksi ryhm\u00e4hinnan lentoverot ja viranomaismaksut m\u00e4\u00e4r\u00e4ytyv\u00e4t tarjousp\u00e4iv\u00e4n mukaan ja ne saattavat viel\u00e4 muuttua.<\/p>\n\n\n\n<p>Arkistoyhdistys tarjoaa kuljetukset Barcelonan ulkopuolella sijaitseviin kohteisiin. Barcelonan sis\u00e4isiin vierailukohteisiin siirtymisest\u00e4 syntyvist\u00e4 kuluista vastaa jokainen itse.<\/p>\n\n\n\n<p><\/p>\n\n\n\n<p>Ilmoittautuminen opintomatkalle on p\u00e4\u00e4ttynyt.\u00a0<\/p>\n\n\n\n<p><\/p>\n\n\n\n<p><strong>LIS\u00c4INFORMAATIO<\/strong><\/p>\n\n\n\n<p>Matkaty\u00f6ryhm\u00e4: Johanna Mieto (pj), Kenth Sj\u00f6blom (matkanjohtaja), Juha Henriksson ja Jari Suutari.&nbsp;Matkaty\u00f6ryhm\u00e4 l\u00e4hett\u00e4\u00e4 osallistujille my\u00f6hemmin p\u00e4ivitetty\u00e4 ohjelmatietoa. Lis\u00e4tietoja saa yhdistyksen ja matkaty\u00f6ryhm\u00e4n puheenjohtajalta Johanna Miedolta tai sihteeri Juha Henrikssonilta.<\/p>\n\n\n\n<p>Maksut ja er\u00e4p\u00e4iv\u00e4t:<\/p>\n\n\n\n<p>Ennakkomaksu 50 e\/osallistuja 31.5.2022&nbsp;menness\u00e4 (laskusta tulee ilmoittautumisen j\u00e4lkeen viel\u00e4 erillinen ilmoitus). Loppumaksu (tarkentuu my\u00f6hemmin)&nbsp;maksetaan l\u00e4hemp\u00e4n\u00e4 matkaa. Tarkemmat maksuaikataulut tulossa my\u00f6hemmin.<\/p>\n\n\n\n<p>Peruutusehdot:<\/p>\n\n\n\n<p>Koko ryhm\u00e4n ja yksitt\u00e4isten matkustajien peruutusehdot lentoyhti\u00f6lle ovat ryhm\u00e4ennakon maksamisen j\u00e4lkeen&nbsp;<\/p>\n\n\n\n<p>&#8211; 31 vrk ennen l\u00e4ht\u00f6\u00e4 peruutuskulu, joka on ryhm\u00e4ennakko&nbsp;eli&nbsp;50 \u20ac\/paikka.&nbsp;<\/p>\n\n\n\n<p>&#8211; 30\u201315 vrk ennen l\u00e4ht\u00f6\u00e4, kulut 50 % lipun hinnasta. Ennakkomaksua ei hyvitet\u00e4.<\/p>\n\n\n\n<p>&#8211; alle 14 vrk l\u00e4ht\u00f6\u00f6n, kulut 100 % lipun hinnasta eli hyvityst\u00e4 ei makseta peruutettavista paikoista.<\/p>\n\n\n\n<p>Koronatilanne:<\/p>\n\n\n\n<p>Osanottajien tulee ottaa huomioon koronatilanteen aiheuttamat rajoitukset ja vaatimukset. Ajantasaista tietoa l\u00f6ytyy Suomen Espanjan suurl\u00e4hetyst\u00f6n verkkosivuilta:&nbsp;<\/p>\n\n\n\n<p><a href=\"https:\/\/finlandabroad.fi\/web\/esp\/etusivu\" target=\"_blank\" rel=\"noreferrer noopener\">https:\/\/finlandabroad.fi\/web\/esp\/etusivu<\/a><\/p>\n\n\n\n<p>Muilta osin noudatamme matkanj\u00e4rjest\u00e4j\u00e4n ehtoja.&nbsp;<\/p>\n\n\n\n<p>Vastuullinen matkanj\u00e4rjest\u00e4j\u00e4:<\/p>\n\n\n\n<p>Matkap\u00f6rssi \/ Lakeuden Matkat Oy<\/p>\n\n\n\n<p>puh.&nbsp; +358 (0)207&nbsp;497&nbsp;380, <a rel=\"noreferrer noopener\" href=\"mailto:myynti@matkaporssi.fi\" target=\"_blank\">myynti@matkaporssi.fi<\/a>,&nbsp;<a href=\"http:\/\/www.matkaporssi.fi\/\" target=\"_blank\" rel=\"noreferrer noopener\">www.matkaporssi.fi<\/a><\/p>\n","protected":false},"excerpt":{"rendered":"<p>Arkistoyhdistys j\u00e4rjest\u00e4\u00e4 1.\u20138.10.2022 opintomatkan Kataloniaan. Matkan keskuspaikkana toimii Barcelona. Opintomatkaan sis\u00e4ltyy monipuolinen vierailuohjelma, jonka aikana tutustutaan muun muassa Barcelonan, Montserratin ja Gironan arkistoihin ja kulttuuriperint\u00f6\u00f6n.&nbsp;Pid\u00e4t\u00e4mme oikeuden suunnitelman muutoksiin.&nbsp; Alustava ohjelma l\u00f6ytyy linkin takaa:&nbsp; Linkki alustavaan matkaohjelmaan. LENNOT JA HOTELLI Lentoaikataulu: 1.10.2022 AY1653 Helsinki-Vantaa (HEL) klo 17:05 \u2013 Barcelona (BCN) 20:05. 8.10.2022 AY1654 BCN klo 10:05 [&hellip;]<\/p>\n","protected":false},"author":1,"featured_media":0,"parent":0,"menu_order":0,"comment_status":"closed","ping_status":"closed","template":"","meta":{"footnotes":""},"class_list":["post-439","page","type-page","status-publish","hentry"],"_links":{"self":[{"href":"http:\/\/arkistoyhdistys.fi\/index.php\/wp-json\/wp\/v2\/pages\/439","targetHints":{"allow":["GET"]}}],"collection":[{"href":"http:\/\/arkistoyhdistys.fi\/index.php\/wp-json\/wp\/v2\/pages"}],"about":[{"href":"http:\/\/arkistoyhdistys.fi\/index.php\/wp-json\/wp\/v2\/types\/page"}],"author":[{"embeddable":true,"href":"http:\/\/arkistoyhdistys.fi\/index.php\/wp-json\/wp\/v2\/users\/1"}],"replies":[{"embeddable":true,"href":"http:\/\/arkistoyhdistys.fi\/index.php\/wp-json\/wp\/v2\/comments?post=439"}],"version-history":[{"count":10,"href":"http:\/\/arkistoyhdistys.fi\/index.php\/wp-json\/wp\/v2\/pages\/439\/revisions"}],"predecessor-version":[{"id":472,"href":"http:\/\/arkistoyhdistys.fi\/index.php\/wp-json\/wp\/v2\/pages\/439\/revisions\/472"}],"wp:attachment":[{"href":"http:\/\/arkistoyhdistys.fi\/index.php\/wp-json\/wp\/v2\/media?parent=439"}],"curies":[{"name":"wp","href":"https:\/\/api.w.org\/{rel}","templated":true}]}}