{"id":31,"date":"2021-01-13T09:54:43","date_gmt":"2021-01-13T09:54:43","guid":{"rendered":"http:\/\/31.217.192.143\/~arkistoy\/blogi\/?page_id=31"},"modified":"2023-06-16T08:14:47","modified_gmt":"2023-06-16T08:14:47","slug":"ota-yhteytta","status":"publish","type":"page","link":"http:\/\/arkistoyhdistys.fi\/index.php\/ota-yhteytta\/","title":{"rendered":"Toiminta"},"content":{"rendered":"\n<h2 class=\"wp-block-heading\">Opintomatkat<\/h2>\n\n\n\n<p>Arkistoyhdistys tekee opintomatkoja ulkomaille noin kahden vuoden v\u00e4lein. Opintomatkat suuntautuvat naapurimaiden lis\u00e4ksi muualle Eurooppaan. Matkalla tutustutaan arkistoihin ja asiakirjahallintoon eri organisaatioissa sek\u00e4 muihin kulttuurikohteisiin. Opintomatkat ovat my\u00f6s hyv\u00e4 tapa tutustua suomalaisiin ja ulkomaalaisiin kollegoihin.<\/p>\n\n\n\n<p>Yhdistys tukee mahdollisuuksien mukaan j\u00e4sentens\u00e4 osallistumista opintomatkoihin. Opintomatkojen ammatillinen anti on korkeatasoista, ja usein my\u00f6s ty\u00f6nantajat tukevat matkoihin osallistumista.<\/p>\n\n\n\n<p>Viime vuosina Arkistoyhdistys on vieraillut mm. seuraavissa kohteissa: Katalonia (2022), Hollanti (2019), Lissabon (2017), Lontoo (2015), Madrid (2013), Pariisi (2011), Ateena (2009) ja Firenze (2007).<\/p>\n\n\n\n<p>J\u00e4senill\u00e4 on mahdollisuus ehdottaa mielenkiintoisia opintomatkakohteita ja toimia my\u00f6s matkanjohtajina.<\/p>\n\n\n\n<figure class=\"wp-block-image size-large\"><img loading=\"lazy\" decoding=\"async\" width=\"1024\" height=\"684\" src=\"http:\/\/31.217.192.143\/~arkistoy\/blogi\/wp-content\/uploads\/2021\/01\/AY-opintomatka-1024x684.jpg\" alt=\"\" class=\"wp-image-205\" srcset=\"http:\/\/arkistoyhdistys.fi\/blogi\/wp-content\/uploads\/2021\/01\/AY-opintomatka-1024x684.jpg 1024w, http:\/\/arkistoyhdistys.fi\/blogi\/wp-content\/uploads\/2021\/01\/AY-opintomatka-300x200.jpg 300w, http:\/\/arkistoyhdistys.fi\/blogi\/wp-content\/uploads\/2021\/01\/AY-opintomatka-768x513.jpg 768w, http:\/\/arkistoyhdistys.fi\/blogi\/wp-content\/uploads\/2021\/01\/AY-opintomatka-1200x801.jpg 1200w, http:\/\/arkistoyhdistys.fi\/blogi\/wp-content\/uploads\/2021\/01\/AY-opintomatka.jpg 1400w\" sizes=\"auto, (max-width: 1024px) 100vw, 1024px\" \/><figcaption class=\"wp-element-caption\">Opintomatka Hollantiin vuonna 2019.<\/figcaption><\/figure>\n\n\n\n<h2 class=\"wp-block-heading\">Syysseminaarit<\/h2>\n\n\n\n<p>Arkistoyhdistys j\u00e4rjest\u00e4\u00e4 vuosittain marraskuun alussa syysseminaarin.<\/p>\n\n\n\n<p>Tavallisesti syysseminaari j\u00e4rjestet\u00e4\u00e4n marraskuun ensimm\u00e4isen\u00e4 perjantaina Tieteiden talolla Helsingiss\u00e4. P\u00e4iv\u00e4n mittaisen seminaarin aikana kuullaan puheenvuoroja ajankohtaisista arkistotoimen ja asiakirjahallinnon aiheista. Syysseminaarin yhteydess\u00e4 on perinteisesti julkistettu Vuoden arkistoteko ja kunniamainintojen saajat, joiden valinnasta vastaa Arkistojen p\u00e4iv\u00e4n ty\u00f6ryhm\u00e4.<\/p>\n\n\n\n<p><em>Menneiden syysseminaarien seminaariesitelm\u00e4t ovat j\u00e4senten tutustuttavissa j\u00e4sensivuilla.<\/em><\/p>\n\n\n\n<p>Viime vuosien syysseminaarien otsikot:<\/p>\n\n\n\n<p>2022: Arkistot ja vastuullisuus<\/p>\n\n\n\n<p>2021: Arkistot, k\u00e4ytt\u00e4j\u00e4t ja muutos<\/p>\n\n\n\n<p>2020: Kriisinajan tiedonhallinta (webinaari)<\/p>\n\n\n\n<p>2019: Tiedonhallintalaki<\/p>\n\n\n\n<p>2018: Kulttuuriperinn\u00f6n arkistointi<\/p>\n\n\n\n<p>2017: Tietosuojaseminaari<\/p>\n\n\n\n<p>2016: Arkistot ja sosiaalinen media<\/p>\n\n\n\n<p>2015: Muutos<\/p>\n\n\n\n<p>2014: Arkistot, kansallisuus, v\u00e4hemmist\u00f6t. V\u00e4hemmist\u00f6jen arkistot, tilastot ja tutkimus Suomessa<\/p>\n\n\n\n<p>2013: Arkisto ja laki<\/p>\n\n\n\n<p>2012: Muoto (teema sama kuin Arkistojen p\u00e4iv\u00e4ll\u00e4)<\/p>\n\n\n\n<p>2011: Arkistot auki!<\/p>\n\n\n\n<p>2010: Arkistoteorian klassikoita<\/p>\n\n\n\n<p>2009: Muistitieto<\/p>\n\n\n\n<p>2008: N\u00e4kyv\u00e4t arkistot<\/p>\n\n\n\n<p>2007: Kuultavat arkistot<\/p>\n\n\n\n<p>2006: Tutkimusaineistojen arkistointi<\/p>\n\n\n\n<p>2005: Ex-files? Asiakirjojen suojelu ja konservointi<\/p>\n\n\n\n<p>2004: Kuka ohjaa ja kenen kaa? Asiakirjahallinnon ja arkistotoimen kehitt\u00e4j\u00e4t<\/p>\n\n\n\n<h2 class=\"wp-block-heading\">Apurahat<\/h2>\n\n\n\n<p>Yhdistys tukee mahdollisuuksien mukaan j\u00e4sentens\u00e4 osallistumista seminaareihin ja opintomatkoihin. Hallitus tekee p\u00e4\u00e4t\u00f6kset my\u00f6nnett\u00e4vist\u00e4 apurahoista vuosittain j\u00e4rjestett\u00e4vien tapahtumien perusteella.<\/p>\n\n\n\n<p>Lis\u00e4tietoa j\u00e4senet saavat j\u00e4senkirjeist\u00e4 ja tapahtumien tiedoista. T\u00e4lle sivulle p\u00e4ivitet\u00e4\u00e4n my\u00f6s ajankohtaiset tiedot my\u00f6nnett\u00e4vist\u00e4 apurahoista ja niiden hakuohjeet.<\/p>\n","protected":false},"excerpt":{"rendered":"<p>Opintomatkat Arkistoyhdistys tekee opintomatkoja ulkomaille noin kahden vuoden v\u00e4lein. Opintomatkat suuntautuvat naapurimaiden lis\u00e4ksi muualle Eurooppaan. Matkalla tutustutaan arkistoihin ja asiakirjahallintoon eri organisaatioissa sek\u00e4 muihin kulttuurikohteisiin. Opintomatkat ovat my\u00f6s hyv\u00e4 tapa tutustua suomalaisiin ja ulkomaalaisiin kollegoihin. Yhdistys tukee mahdollisuuksien mukaan j\u00e4sentens\u00e4 osallistumista opintomatkoihin. Opintomatkojen ammatillinen anti on korkeatasoista, ja usein my\u00f6s ty\u00f6nantajat tukevat matkoihin osallistumista. Viime [&hellip;]<\/p>\n","protected":false},"author":1,"featured_media":0,"parent":0,"menu_order":0,"comment_status":"closed","ping_status":"closed","template":"","meta":{"footnotes":""},"class_list":["post-31","page","type-page","status-publish","hentry"],"_links":{"self":[{"href":"http:\/\/arkistoyhdistys.fi\/index.php\/wp-json\/wp\/v2\/pages\/31","targetHints":{"allow":["GET"]}}],"collection":[{"href":"http:\/\/arkistoyhdistys.fi\/index.php\/wp-json\/wp\/v2\/pages"}],"about":[{"href":"http:\/\/arkistoyhdistys.fi\/index.php\/wp-json\/wp\/v2\/types\/page"}],"author":[{"embeddable":true,"href":"http:\/\/arkistoyhdistys.fi\/index.php\/wp-json\/wp\/v2\/users\/1"}],"replies":[{"embeddable":true,"href":"http:\/\/arkistoyhdistys.fi\/index.php\/wp-json\/wp\/v2\/comments?post=31"}],"version-history":[{"count":11,"href":"http:\/\/arkistoyhdistys.fi\/index.php\/wp-json\/wp\/v2\/pages\/31\/revisions"}],"predecessor-version":[{"id":584,"href":"http:\/\/arkistoyhdistys.fi\/index.php\/wp-json\/wp\/v2\/pages\/31\/revisions\/584"}],"wp:attachment":[{"href":"http:\/\/arkistoyhdistys.fi\/index.php\/wp-json\/wp\/v2\/media?parent=31"}],"curies":[{"name":"wp","href":"https:\/\/api.w.org\/{rel}","templated":true}]}}