{"id":30,"date":"2021-01-13T09:54:43","date_gmt":"2021-01-13T09:54:43","guid":{"rendered":"http:\/\/31.217.192.143\/~arkistoy\/blogi\/?page_id=30"},"modified":"2026-03-27T07:49:38","modified_gmt":"2026-03-27T07:49:38","slug":"tietoja","status":"publish","type":"page","link":"http:\/\/arkistoyhdistys.fi\/index.php\/tietoja\/","title":{"rendered":"Yhdistys"},"content":{"rendered":"\n<p>Arkistoyhdistys perustettiin kaikkien arkistoalalla toimivien yhdyssiteeksi 24.5.1947. <\/p>\n\n\n\n<p><a href=\"http:\/\/arkistoyhdistys.fi\/index.php\/historia\/\" data-type=\"page\" data-id=\"98\">Lue yhdistyksen historiasta<\/a>.<\/p>\n\n\n\n<p>Arkistoyhdistys luo ja yll\u00e4pit\u00e4\u00e4 yhteyksi\u00e4 arkistoalalla toimivien henkil\u00f6iden v\u00e4lill\u00e4 ja edist\u00e4\u00e4 alan tuntemusta ja tieteellist\u00e4 tutkimusta.&nbsp;Arkistoyhdistyksen toiminta on vilkasta. Yhdistys j\u00e4rjest\u00e4\u00e4 kokouksia ja seminaareja arkistoalan ajankohtaisista kysymyksist\u00e4, ottaa kantaa alan keskeisiin kysymyksiin ja yll\u00e4pit\u00e4\u00e4 yhteyksi\u00e4 suomalaisiin ja kansainv\u00e4lisiin j\u00e4rjest\u00f6ihin. Suosittu vuosittain j\u00e4rjestett\u00e4v\u00e4 syysseminaari k\u00e4sittelee arkistoalan ajankohtaisia kysymyksi\u00e4. Yhdistys tekee vuosittain useita vierailuja kotimaisiin arkistoihin ja k\u00e4y tutustumassa my\u00f6s eri organisaatioiden asiakirjahallintoon. Ulkomaille teht\u00e4v\u00e4t opintomatkat seminaareineen suuntautuvat naapurimaiden lis\u00e4ksi nykyisin my\u00f6s muualle Eurooppaan. Yhdistys my\u00f6s tukee j\u00e4sentens\u00e4 osallistumista kotimaisiin ja kansainv\u00e4lisiin seminaareihin.<\/p>\n\n\n\n<p>Yhdistys julkaisee omaa <a href=\"http:\/\/arkistoyhdistys.fi\/index.php\/julkaisut\/\" data-type=\"page\" data-id=\"92\">Arkisto-julkaisusarjaa<\/a>, jonka 11. osa Kleion pauloissa julkaistiin hein\u00e4kuussa 2014. Julkaisu on arkistolaitoksen p\u00e4\u00e4johtaja Jussi Nuortevan juhlakirja h\u00e4nen t\u00e4ytt\u00e4ess\u00e4\u00e4n 60 vuotta 22.7.2014. Kleion pauloissa -teos on yhteisjulkaisu arkistolaitoksen ja Suomalaisen Kirjallisuuden Seuran kanssa.&nbsp;<\/p>\n\n\n\n<p>Arkistoyhdistys on Tieteellisten Seurojen valtuuskunnan ja kansainv\u00e4lisen arkistoj\u00e4rjest\u00f6n&nbsp;<a href=\"http:\/\/www.ica.org\/\" target=\"_blank\" rel=\"noreferrer noopener\">International Council on Archives&#8217;in&nbsp;<\/a>(ICA) j\u00e4sen.<\/p>\n\n\n\n<p>Vuoden 2020 lopussa yhdistyksell\u00e4 oli 301 j\u00e4sent\u00e4.<\/p>\n\n\n\n<p>Kev\u00e4\u00e4ll\u00e4 yhdistyksen vuosikokouksessa valitaan yhdistyksen hallitus, joka johtaa yhdistyksen toimintaa. Hallitukseen kuuluu viisi varsinaista j\u00e4sent\u00e4 ja kaksi varaj\u00e4sent\u00e4.<\/p>\n\n\n\n<p>Yhdistyksen j\u00e4senille tiedotetaan eri tilaisuuksista, matkoista ja seminaareista s\u00e4hk\u00f6isill\u00e4 j\u00e4senkirjeill\u00e4. Lis\u00e4ksi yhdistyksen kotisivuilla yll\u00e4pidet\u00e4\u00e4n tapahtumakalenteria.<\/p>\n\n\n\n<p><a href=\"http:\/\/arkistoyhdistys.fi\/index.php\/saannot\/\" data-type=\"page\" data-id=\"102\">Arkistoyhdistyksen s\u00e4\u00e4nn\u00f6t.<\/a><\/p>\n\n\n\n<h2 class=\"wp-block-heading\">Hallitus ja toimihenkil\u00f6t 2026<\/h2>\n\n\n\n<p><strong><strong>Marja Piiroinen-Honkanen<\/strong><\/strong>, puheenjohtaja<br>puheenjohtaja(a)arkistoyhdistys.fi<\/p>\n\n\n\n<p><strong>Juha<\/strong> <strong>Henriksson<\/strong>, sihteeri, hallituksen j\u00e4sen, sihteeri(a)arkistoyhdistys.fi<\/p>\n\n\n\n<p><strong>Sanna Tiensuu<\/strong>, hallituksen j\u00e4sen<\/p>\n\n\n\n<p><strong>Alexandra Nummenp\u00e4\u00e4,&nbsp;<\/strong>hallituksen j\u00e4sen<\/p>\n\n\n\n<p><strong>Tenho Kokkonen,<\/strong>&nbsp;hallituksen j\u00e4sen<\/p>\n\n\n\n<p><strong>Vesa-Matti Ovaska<\/strong>, hallituksen varaj\u00e4sen<\/p>\n\n\n\n<p><strong>Ahto Harmo<\/strong>, hallituksen varaj\u00e4sen<\/p>\n\n\n\n<p><strong>Karin Gref<\/strong>, rahastonhoitaja<br>rahastonhoitaja(a)arkistoyhdistys.fi<\/p>\n\n\n\n<p><a href=\"http:\/\/arkistoyhdistys.fi\/index.php\/hallituksen-kokoukset\/\">Tutustu hallituksen kokousp\u00f6yt\u00e4kirjoihin<\/a>.<\/p>\n\n\n\n<h2 class=\"wp-block-heading\">Vuosikokoukset ja toimintakertomukset<\/h2>\n\n\n\n<p><a href=\"http:\/\/arkistoyhdistys.fi\/index.php\/arkistoyhdistyksen-toimintakertomukset\/\" data-type=\"page\" data-id=\"671\">Tutustu vuosikokousten p\u00f6yt\u00e4kirjoihin ja toimintakertomuksiin.<\/a><\/p>\n","protected":false},"excerpt":{"rendered":"<p>Arkistoyhdistys perustettiin kaikkien arkistoalalla toimivien yhdyssiteeksi 24.5.1947. Lue yhdistyksen historiasta. Arkistoyhdistys luo ja yll\u00e4pit\u00e4\u00e4 yhteyksi\u00e4 arkistoalalla toimivien henkil\u00f6iden v\u00e4lill\u00e4 ja edist\u00e4\u00e4 alan tuntemusta ja tieteellist\u00e4 tutkimusta.&nbsp;Arkistoyhdistyksen toiminta on vilkasta. Yhdistys j\u00e4rjest\u00e4\u00e4 kokouksia ja seminaareja arkistoalan ajankohtaisista kysymyksist\u00e4, ottaa kantaa alan keskeisiin kysymyksiin ja yll\u00e4pit\u00e4\u00e4 yhteyksi\u00e4 suomalaisiin ja kansainv\u00e4lisiin j\u00e4rjest\u00f6ihin. Suosittu vuosittain j\u00e4rjestett\u00e4v\u00e4 syysseminaari k\u00e4sittelee arkistoalan [&hellip;]<\/p>\n","protected":false},"author":1,"featured_media":0,"parent":0,"menu_order":0,"comment_status":"closed","ping_status":"closed","template":"","meta":{"footnotes":""},"class_list":["post-30","page","type-page","status-publish","hentry"],"_links":{"self":[{"href":"http:\/\/arkistoyhdistys.fi\/index.php\/wp-json\/wp\/v2\/pages\/30","targetHints":{"allow":["GET"]}}],"collection":[{"href":"http:\/\/arkistoyhdistys.fi\/index.php\/wp-json\/wp\/v2\/pages"}],"about":[{"href":"http:\/\/arkistoyhdistys.fi\/index.php\/wp-json\/wp\/v2\/types\/page"}],"author":[{"embeddable":true,"href":"http:\/\/arkistoyhdistys.fi\/index.php\/wp-json\/wp\/v2\/users\/1"}],"replies":[{"embeddable":true,"href":"http:\/\/arkistoyhdistys.fi\/index.php\/wp-json\/wp\/v2\/comments?post=30"}],"version-history":[{"count":27,"href":"http:\/\/arkistoyhdistys.fi\/index.php\/wp-json\/wp\/v2\/pages\/30\/revisions"}],"predecessor-version":[{"id":881,"href":"http:\/\/arkistoyhdistys.fi\/index.php\/wp-json\/wp\/v2\/pages\/30\/revisions\/881"}],"wp:attachment":[{"href":"http:\/\/arkistoyhdistys.fi\/index.php\/wp-json\/wp\/v2\/media?parent=30"}],"curies":[{"name":"wp","href":"https:\/\/api.w.org\/{rel}","templated":true}]}}