{"id":232,"date":"2021-02-09T16:21:11","date_gmt":"2021-02-09T16:21:11","guid":{"rendered":"http:\/\/31.217.192.143\/~arkistoy\/blogi\/?page_id=232"},"modified":"2021-02-09T16:21:11","modified_gmt":"2021-02-09T16:21:11","slug":"arkivforeningen","status":"publish","type":"page","link":"http:\/\/arkistoyhdistys.fi\/index.php\/arkivforeningen\/","title":{"rendered":"Arkivf\u00f6reningen"},"content":{"rendered":"\n<p>Arkistoyhdistys-Arkivf\u00f6reningen ry:s (gr. 1947) syfte \u00e4r att skapa och uppr\u00e4tth\u00e5lla kontakter mellan dem som verkar inom arkivbranschen samt att fr\u00e4mja kunskapen om och vetenskaplig forskning p\u00e5 arkivomr\u00e5det.<\/p>\n\n\n\n<p>F\u00f6reningen ordnar m\u00f6ten och seminarier, studieresor och studiebes\u00f6k, avger utl\u00e5tanden om bl.a. arkivverkets anvisningar samt ger ut publikationer. Arkivf\u00f6reningen uppr\u00e4tth\u00e5ller kontakter med finl\u00e4ndska och internationella organisationer p\u00e5 arkivomr\u00e5det samt underst\u00f6der medlemmar som deltar i inhemska och utl\u00e4ndska seminarier.<\/p>\n\n\n\n<p>Information om f\u00f6reningens uppkommande seminarier, studieresor, studiebes\u00f6k och andra program finns p\u00e5 sidan &#8221;Tapahtumat&#8221;. Informationen finns endast p\u00e5 finska.<\/p>\n\n\n\n<p>P\u00e5 v\u00e5ren v\u00e4ljer f\u00f6reningens \u00e5rsm\u00f6te en styrelse, som leder f\u00f6reningens verksamhet. Styrelsen best\u00e5r av fem ordinarie medlemmar och tv\u00e5 suppleanter.<\/p>\n\n\n\n<p>Styrelsen godk\u00e4nner f\u00f6reningens nya medlemmar. Efter att medlemmen godk\u00e4nts skickas denne ett bankgiro f\u00f6r inbetalning av medlemsavgiften samt det senast utkomna medlemsbrevet. Medlemsavgiften \u00e5r 2020 \u00e4r 20 euro.<\/p>\n\n\n\n<p>Var och en som arbetar inom arkivbranschen eller med uppgifter inom dokumentf\u00f6rvaltningen eller som p\u00e5 annat s\u00e4tt \u00e4r f\u00f6rtrogen med branschen kan bli medlem i f\u00f6reningen. Man kan ans\u00f6ka om medlemskap genom att fylla i blanketten p\u00e5 sidan &#8221;Etusivu&#8221;.<\/p>\n\n\n\n<p>Som medlem har du m\u00f6jlighet att delta i f\u00f6reningens seminarier och genom f\u00f6reningens studieresor och studiebes\u00f6k att bekanta dig med olika arkiv och organisationers dokumentf\u00f6rvaltning. F\u00f6reningen underst\u00f6der medlemmar som deltar i seminarie- och konferensresor genom att dela ut stipendier ur medel som f\u00f6reningen ans\u00f6kt om f\u00f6r dessa \u00e4ndam\u00e5l.<\/p>\n","protected":false},"excerpt":{"rendered":"<p>Arkistoyhdistys-Arkivf\u00f6reningen ry:s (gr. 1947) syfte \u00e4r att skapa och uppr\u00e4tth\u00e5lla kontakter mellan dem som verkar inom arkivbranschen samt att fr\u00e4mja kunskapen om och vetenskaplig forskning p\u00e5 arkivomr\u00e5det. F\u00f6reningen ordnar m\u00f6ten och seminarier, studieresor och studiebes\u00f6k, avger utl\u00e5tanden om bl.a. arkivverkets anvisningar samt ger ut publikationer. Arkivf\u00f6reningen uppr\u00e4tth\u00e5ller kontakter med finl\u00e4ndska och internationella organisationer p\u00e5 arkivomr\u00e5det [&hellip;]<\/p>\n","protected":false},"author":1,"featured_media":0,"parent":0,"menu_order":0,"comment_status":"closed","ping_status":"closed","template":"","meta":{"footnotes":""},"class_list":["post-232","page","type-page","status-publish","hentry"],"_links":{"self":[{"href":"http:\/\/arkistoyhdistys.fi\/index.php\/wp-json\/wp\/v2\/pages\/232","targetHints":{"allow":["GET"]}}],"collection":[{"href":"http:\/\/arkistoyhdistys.fi\/index.php\/wp-json\/wp\/v2\/pages"}],"about":[{"href":"http:\/\/arkistoyhdistys.fi\/index.php\/wp-json\/wp\/v2\/types\/page"}],"author":[{"embeddable":true,"href":"http:\/\/arkistoyhdistys.fi\/index.php\/wp-json\/wp\/v2\/users\/1"}],"replies":[{"embeddable":true,"href":"http:\/\/arkistoyhdistys.fi\/index.php\/wp-json\/wp\/v2\/comments?post=232"}],"version-history":[{"count":1,"href":"http:\/\/arkistoyhdistys.fi\/index.php\/wp-json\/wp\/v2\/pages\/232\/revisions"}],"predecessor-version":[{"id":234,"href":"http:\/\/arkistoyhdistys.fi\/index.php\/wp-json\/wp\/v2\/pages\/232\/revisions\/234"}],"wp:attachment":[{"href":"http:\/\/arkistoyhdistys.fi\/index.php\/wp-json\/wp\/v2\/media?parent=232"}],"curies":[{"name":"wp","href":"https:\/\/api.w.org\/{rel}","templated":true}]}}