{"id":128,"date":"2021-01-14T14:42:39","date_gmt":"2021-01-14T14:42:39","guid":{"rendered":"http:\/\/31.217.192.143\/~arkistoy\/blogi\/?page_id=128"},"modified":"2026-03-28T15:03:56","modified_gmt":"2026-03-28T15:03:56","slug":"tulevat-tapahtumat","status":"publish","type":"page","link":"http:\/\/arkistoyhdistys.fi\/index.php\/tulevat-tapahtumat\/","title":{"rendered":"Tapahtumat"},"content":{"rendered":"\n<h3 class=\"wp-block-heading\">Tutustuminen SLS:n arkistoon ja tiloihin 4.5.2026 klo 16.30<\/h3>\n\n\n\n<p>Arkistoyhdistys j\u00e4rjest\u00e4\u00e4 j\u00e4senilleen tutustumisk\u00e4ynnin Svenska Litteraturs\u00e4llskapet i Finland rf:n (SLS) arkistoon ja SLS:n tiloihin maanantaina 4.5.2026 klo 16.30. Kokoontuminen Snellmaninkatu 13:n (Helsinki) aulassa klo 16.30 menness\u00e4.<\/p>\n\n\n\n<p>Kuulemme esityksi\u00e4 SLS:n arkiston ajankohtaisista asioista ja saamme katsauksen SLS:n toimintaan laajemminkin. Tilaisuuteen mahtuu ilmoittautumisj\u00e4rjestyksess\u00e4 25 henkil\u00f6\u00e4. Tilaisuuden kesto on 1,5\u20132 tuntia.<\/p>\n\n\n\n<p>Pyyd\u00e4mme ilmoittautumaan keskiviikkoon 29.4. menness\u00e4. Tilaisuudessa on kahvi-\/teetarjoilu. Tarjoiluiden vuoksi toivomme tiedon mahdollisista ruoka-ainerajoitteista. Ilmoittautumisen yhteydess\u00e4 voit my\u00f6s kertoa, millaisista aiheista haluaisit erityisesti kuulla SLS:n vierailulla.<\/p>\n\n\n\n<p>Tarkempia tietoja tiloista ja niiden esteett\u00f6myydest\u00e4 on luettavissa t\u00e4\u00e4ll\u00e4:&nbsp;<a href=\"https:\/\/www.sls.fi\/fi\/esteettomyystiedot\/\">https:\/\/www.sls.fi\/fi\/esteettomyystiedot\/<\/a><\/p>\n\n\n\n<p><a href=\"https:\/\/www.flomembers.com\/arkistoyhdistys\/events\/register\/2c25744ad903f7ff14e67887a1327d83\">Linkki ilmoittautumiseen<\/a><\/p>\n\n\n\n<h2 class=\"wp-block-heading\"><br>Menneet tapahtumat<\/h2>\n\n\n\n<h3 class=\"wp-block-heading\">Vuosikokous ja tutustuminen OP Pohjolan toimintaan 23.5.2026<\/h3>\n\n\n\n<p>Arkistoyhdistys ry:n vuosikokous ja tutustuminen OP Pohjolan toimintaan j\u00e4rjestettiin keskiviikkona 25.3.2026.<\/p>\n\n\n\n<h3 class=\"wp-block-heading\">Webinaari julkisen hallinnon tiedonhallinnasta<\/h3>\n\n\n\n<p>Arkistoyhdistyksen j\u00e4rjesti webinaarin julkisen hallinnon tiedonhallinnasta 14.1.2026. Aiheesta alusti professori Tomi Voutilainen.<\/p>\n\n\n\n<h3 class=\"wp-block-heading\">Vierailu J\u00f6rn Donnerin kirjastoon <\/h3>\n\n\n\n<p>Arkistoyhdistys j\u00e4rjesti j\u00e4senilleen vierailun J\u00f6rn Donnerin kirjastoon 12.11.2025.&nbsp;<\/p>\n\n\n\n<h3 class=\"wp-block-heading\">Asiakirjat vallan ytimest\u00e4 \u2013 Politiikan ja hallinnon l\u00e4hteill\u00e4 \u2013Arkistoyhdistyksen syysseminaari 2025<\/h3>\n\n\n\n<p>Syysseminaari j\u00e4rjestettiin 31.10.2025 Pikkuparlamentin auditoriossa.<\/p>\n\n\n\n<p><a href=\"http:\/\/arkistoyhdistys.fi\/index.php\/asiakirjat-vallan-ytimesta-politiikan-ja-hallinnon-lahteilla\/\" data-type=\"page\" data-id=\"823\">Tutustu ohjelmaan ja seminaarin esityksiin<\/a>.<\/p>\n\n\n\n<h3 class=\"wp-block-heading\">Yhdistyksen vuosikokous 2025<\/h3>\n\n\n\n<p><strong>Arkistoyhdistys \u2013 Arkivf\u00f6reningen ry:n vuosikokous j\u00e4rjestettiin Helsingin Tieteiden talolla 27.3.2025<\/strong>. Kokouksessa k\u00e4sitell\u00e4\u00e4n s\u00e4\u00e4nt\u00f6m\u00e4\u00e4r\u00e4iset asiat eli muun muassa valitaan yhdistyksen hallitus sek\u00e4 vahvistetaan toimintakertomus ja tilinp\u00e4\u00e4t\u00f6s vuodelta 2024 sek\u00e4 hyv\u00e4ksyt\u00e4\u00e4n toimintasuunnitelma ja talousarvio vuodelle 2025.<\/p>\n\n\n\n<h3 class=\"wp-block-heading\">Webinaarit arkistoinnista ja tiedonhallinnasta<\/h3>\n\n\n\n<p>Arkistoyhdistys j\u00e4rjesti 10.4.2025 webionaario, jossa <strong>Tuija Kautto<\/strong>, kertoi aiheesta &#8221;Lottoarvontaa vai tarkkaan harkittuja valintoja eri n\u00e4k\u00f6kulmien ja vaatimusten v\u00e4lill\u00e4?&#8221;<\/p>\n\n\n\n<p>Arkistoyhdistys j\u00e4rjesti 13.3.2025 webinaarin, jossa <strong>Joonas Levonen<\/strong> kertoi aiheesta \u201dArkistoja, mappeja, koteloita, kellareita ja kenk\u00e4laatikoita \u2013 Kyselytutkimus yhdistysten asiakirjahallinnasta ja arkistonmuodostuksesta Suomessa\u201d.<\/p>\n\n\n\n<p>Arkistoyhdistys j\u00e4rjesti 13.2.2025 webinaariin, jossa <strong>Tytti Voutilainen<\/strong> (Kansallisarkisto) kertoi aiheesta &#8221;Arvonm\u00e4\u00e4ritysteorian klassikoita&#8221;. <\/p>\n\n\n\n<p>Arkistoyhdistys j\u00e4rjesti 14.1.2025 webinaarin, jossa <strong>Anssi Lampela<\/strong> (Kansallisarkisto) kertoi aiheesta &#8221;Arkistokuvailu \u2013 Kuvitelmaa vai todellisuutta? Teoriaa vai k\u00e4yt\u00e4nt\u00f6\u00e4?&#8221;<\/p>\n\n\n\n<p><\/p>\n\n\n\n<h3 class=\"wp-block-heading\">&#8221;Arkistot ja EU&#8221; \u2013 Syyseminaari 2024<\/h3>\n\n\n\n<p>Arkistoyhdistyksen perinteinen syysseminaari j\u00e4rjestettin <strong>perjantaina 25.10.2024<\/strong>. Seminaarin teemana oli&#8221;<strong>Arkistot ja EU<\/strong>&#8221;. Seminaarin esityksiss\u00e4 ja keskusteluissa tarkasteltiin monipuolisesti eri n\u00e4k\u00f6kulmista, miten EU on vaikuttanut arkistointiin ja tiedonhallintaan.<\/p>\n\n\n\n<p><a href=\"http:\/\/arkistoyhdistys.fi\/index.php\/arkistot-ja-eu-syysseminaari-25-10-2024\/\" data-type=\"page\" data-id=\"719\">Linkki seminaariohjelmaan ja esityksiin<\/a>.<\/p>\n\n\n\n<h3 class=\"wp-block-heading\">Opintomatka It\u00e4valtaan <\/h3>\n\n\n\n<p>Arkistoyhdistys j\u00e4rjesti 30.9.\u20134.10.2024 opintomatkan It\u00e4valtaan. Keskuspaikkana toimi Wien. Opintomatkaan sis\u00e4ltyi monipuolinen vierailuohjelma.&nbsp;<\/p>\n\n\n\n<h3 class=\"wp-block-heading\">Retki Malm\u00e5rdin kartanoon<\/h3>\n\n\n\n<p>Arkistoyhdistys ja Liikearkistoyhdistys j\u00e4rjestiv\u00e4t 21.8. j\u00e4senilleen kes\u00e4isen iltap\u00e4iv\u00e4retken Loviisassa sijaitsevaan Malmg\u00e5rdin kartanoon.&nbsp;<\/p>\n\n\n\n<h3 class=\"wp-block-heading\">Arkistoyhdistyksen vuosikokous ja Petra Hakalan esitelm\u00e4<\/h3>\n\n\n\n<p><strong>Arkistoyhdistys \u2013 Arkivf\u00f6reningen ry:n vuosikokous j\u00e4rjestettiin Helsingin Tieteiden talon salissa 504 (Kirkkokatu 6) 20.3.2024<\/strong>.<\/p>\n\n\n\n<p>Kokouksessa k\u00e4siteltiin s\u00e4\u00e4nt\u00f6m\u00e4\u00e4r\u00e4iset asiat eli valittiin yhdistyksen hallitus, vahvistettiin toimintakertomus ja tilinp\u00e4\u00e4t\u00f6s vuodelta 2023 sek\u00e4 hyv\u00e4ksyttiin toimintasuunnitelma ja talousarvio vuodelle 2024.<\/p>\n\n\n\n<p><strong>Ennen kokousta Svenska litteraturs\u00e4llskapetin vanhempi arkistonhoitaja Petra Hakala esitteli tuoreen v\u00e4it\u00f6skirjansa<\/strong>, joka k\u00e4sittelee Svenska litteraturs\u00e4llskapet i Finland -seuran arkiston ja arkistokokoelmien synty\u00e4 vuosina 1885\u20131920. <\/p>\n\n\n\n<h3 class=\"wp-block-heading\">Webinarium med Alexandra Nummenp\u00e4\u00e4<\/h3>\n\n\n\n<p>Arkivf\u00f6reningen ordnade den 6.2.2024 ett webinarium med Alexandra Nummenp\u00e4\u00e4, vinnare av N\u00e4ringslivets arkivf\u00f6renings, Arkivf\u00f6reningens och Kommunalarkivf\u00f6rbundets pris f\u00f6r ber\u00f6mligt examensarbete inom arkiv- och informationshanteringsbranschen. <\/p>\n\n\n\n<p>Arkistoyhdistys j\u00e4rjesti 6.2.2024 webinaarin, jossa esiintyi vuoden 2023 Liikearkistoyhdistyksen, Arkistoyhdistyksen ja Kunnallisarkistoyhdistyksen arkisto- ja tiedonhallinta-alan opinn\u00e4ytepalkinnon voittanut Alexandra Nummenp\u00e4\u00e4.&nbsp;<\/p>\n\n\n\n<h3 class=\"wp-block-heading\">Syysseminaari &#8221;Tiedonhallinta vs. arkistointi&#8221;<\/h3>\n\n\n\n<p>Arkistoyhdistyksen perinteinen syysseminaari j\u00e4rjestettiin 27.10.2023. Seminaarin teemana oli &#8221;<strong>Tiedonhallinta vs. arkistointi<\/strong>&#8221;.<\/p>\n\n\n\n<p><strong>Ohjelma<\/strong><\/p>\n\n\n\n<p><a href=\"http:\/\/arkistoyhdistys.fi\/blogi\/wp-content\/uploads\/2023\/11\/Syysseminaari-2023-Voutilainen.pdf\" data-type=\"attachment\" data-id=\"633\">Tiedon elinkaaren hallinnan s\u00e4\u00e4ntely \u2013 puuttuuko arkistoinnin s\u00e4\u00e4ntelyst\u00e4 jotain<\/a>. Tomi Voutilainen, professori, It\u00e4-Suomen yliopisto<\/p>\n\n\n\n<p><a href=\"http:\/\/arkistoyhdistys.fi\/blogi\/wp-content\/uploads\/2023\/10\/Syysseminaari-2023-Waltari.pdf\" data-type=\"attachment\" data-id=\"624\">Toiveiden tynnyri k\u00e4siteviidakossa? Asiakirjahallinto Helsingin kaupungilla<\/a>. Elena Waltari, johtava asiantuntija, Helsingin kaupunki<\/p>\n\n\n\n<p><a href=\"http:\/\/arkistoyhdistys.fi\/blogi\/wp-content\/uploads\/2023\/10\/Syysseminaari-2023-Makiranta-Karvonen.pdf\" data-type=\"attachment\" data-id=\"621\">Opinto- ja tutkintotietojen arvonm\u00e4\u00e4ritys \u2013 monen tekij\u00e4n summa<\/a>. Minna-Liisa M\u00e4kiranta, ylitarkastaja, Kansallisarkisto ja Kaisa Karvonen, erityisasiantuntija, Opetushallitus<\/p>\n\n\n\n<p> <a href=\"http:\/\/arkistoyhdistys.fi\/blogi\/wp-content\/uploads\/2023\/10\/Syysseminaari-2023-Nylund.pdf\" data-type=\"attachment\" data-id=\"622\">SAPA \u2013 nykytila ja tulevaisuuden n\u00e4kymi\u00e4<\/a>. Johanna Nylund, suunnittelija, Kansallisarkisto. Asiakkaan <a href=\"http:\/\/arkistoyhdistys.fi\/blogi\/wp-content\/uploads\/2023\/10\/Syysseminaari-2023-Vuorinen.pdf\" data-type=\"attachment\" data-id=\"623\">kommenttipuheenvuoro<\/a> Marjut Vuorinen, kehitt\u00e4misp\u00e4\u00e4llikk\u00f6, THL.<\/p>\n\n\n\n<p><a href=\"http:\/\/arkistoyhdistys.fi\/blogi\/wp-content\/uploads\/2023\/10\/Syysseminaari-2023-Hyvarinen.pdf\" data-type=\"attachment\" data-id=\"620\">N\u00e4k\u00f6kulmia yrityksien tiedonhallinnasta ja arkistoinnista<\/a>.&nbsp;Mikko Hyv\u00e4rinen, puheenjohtaja, Liikearkistoyhdistys<\/p>\n\n\n\n<p>Vuoden arkistotekopalkintojen jakaminen. Arkistojen p\u00e4iv\u00e4n toimikunta. Arkisto- ja tiedonhallinta-alan opinn\u00e4ytepalkinnon jakaminen. Kenth Sj\u00f6blom<\/p>\n\n\n\n<p>Paneelikeskustelu tiedonhallinnan ja arkistoinnin koulutuksesta. Pj Pekka Henttonen, dosentti, Tampereen yliopisto. Osallistujat: Saara Packal\u00e9n, yliopistonlehtori, It\u00e4-Suomen yliopisto; Kirsi Jurvanen, lehtori, Kaakkois-Suomen ammattikorkeakoulu; Katja Klami, puheenjohtaja, TAAY ry; Aino Heikkinen, henkil\u00f6kokemusjohtaja, Valtori.<\/p>\n\n\n\n<h3 class=\"wp-block-heading\">Retki Orimattilaan<\/h3>\n\n\n\n<p>Liikearkistoyhdistys ja Arkistoyhdistys yhdistiv\u00e4t voimansa ja tarjosivat j\u00e4senilleen <strong>iltap\u00e4iv\u00e4retken Orimattilaan keskiviikkona 6.9.2023<\/strong>. Tutustuimme retkell\u00e4 hienoon <strong>Orimattilan taidemuseoon<\/strong> ja suorastaan legendaariseen <strong>Urho Kekkosen arkistoon<\/strong>.  <\/p>\n\n\n\n<h3 class=\"wp-block-heading\">Vuosikokous 2023<\/h3>\n\n\n\n<p>Arkistoyhdistys \u2013 Arkivf\u00f6reningen ry:n s\u00e4\u00e4nt\u00f6m\u00e4\u00e4r\u00e4inen vuosikokous j\u00e4rjestettiin tiistaina 28.3.2023.<\/p>\n\n\n\n<h3 class=\"wp-block-heading\">Arkistoyhdistyksen syysseminaari 11.11.2022<\/h3>\n\n\n\n<p>Arkistoyhdistyksen perinteinen syysseminaari j\u00e4rjestettiin 11.11.2022. Paikkana oli Tieteiden talo, Helsinki. Seminaarin teemana oli &#8221;<strong>Arkistot ja vastuullisuus<\/strong>&#8221;. Seminaarin yhteydess\u00e4 juhlittiin Arkistoyhdistyksen 75-vuotista taivalta.<\/p>\n\n\n\n<p><a href=\"http:\/\/arkistoyhdistys.fi\/index.php\/syysseminaari-11-11-2022-arkistot-ja-vastuullisuus\/\" data-type=\"page\" data-id=\"497\">Lue lis\u00e4\u00e4.<\/a><\/p>\n\n\n\n<h3 class=\"wp-block-heading\" id=\"menneet-tapahtumat\">Arkistoyhdistyksen ruskaretki Sipooseen <\/h3>\n\n\n\n<p>Arkistoyhdistys j\u00e4rjesti ruskaretken Sipoon historiaan 12.10.2022.<\/p>\n\n\n\n<p><\/p>\n\n\n\n<h3 class=\"wp-block-heading\">Opintomatka Kataloniaan 1.\u20138.10.2022<\/h3>\n\n\n\n<p>Arkistoyhdistys j\u00e4rjesti 1.\u20138.10.2022 opintomatkan Kataloniaan. Matkan keskuspaikkana toimi Barcelona. Opintomatkaan sis\u00e4ltyi monipuolinen vierailuohjelma, jonka aikana tutustuttiin muun muassa Barcelonan, Montserratin ja Gironan arkistoihin ja kulttuuriperint\u00f6\u00f6n.&nbsp;<\/p>\n\n\n\n<h3 class=\"wp-block-heading\">Illallisristeily 1.9.2022 klo 18<\/h3>\n\n\n\n<p>Arkistoyhdistys ja Liikearkistoyhdistys j\u00e4rjestiv\u00e4t perinteisen illallisristeilyn 1.9.2022. <\/p>\n\n\n\n<h3 class=\"wp-block-heading\" id=\"webinaari-17-2-2022-klo-17-pandemia-ajan-aineistojen-arkistoinnista\">Webinaari arkistolain uudistamisesta<\/h3>\n\n\n\n<p>Arkistoyhdistys j\u00e4rjesti 9.5.2022 webinaarin arkistolain uudistamisesta. Lakiehdotusta esitteliv\u00e4t ja kysymyksiin vastasivatvat hallitusneuvos Katariina Simonen (OKM) ja vs. p\u00e4\u00e4johtaja P\u00e4ivi Happonen (Kansallisarkisto).<\/p>\n\n\n\n<h3 class=\"wp-block-heading\" id=\"webinaari-17-2-2022-klo-17-pandemia-ajan-aineistojen-arkistoinnista\">Vuosikokous 2022<\/h3>\n\n\n\n<p>Arkistoyhdistys \u2013 Arkivf\u00f6reningen ry:n vuosikokous j\u00e4rjestettiin keskiviikkona 30.3.2022 klo 16.30. Kokouksessa k\u00e4siteltiin s\u00e4\u00e4nt\u00f6m\u00e4\u00e4r\u00e4iset asiat.<\/p>\n\n\n\n<h3 class=\"wp-block-heading\" id=\"webinaari-17-2-2022-klo-17-pandemia-ajan-aineistojen-arkistoinnista\">Webinaari 17.2.2022  pandemia-ajan aineistojen arkistoinnista<\/h3>\n\n\n\n<p>Ylitarkastaja Pentti Hiltunen Kansallisarkistosta puhui aiheesta \u201dKoronapandemia-ajan tietojen arkistointi julkisessa hallinnossa \u2013 katsaus Kansallisarkiston vuoden 2021 kyselyn tuloksiin ja jatkotoimenpiteisiin vuonna 2022\u201d. Esityksen j\u00e4lkeen keskusteluun osallistui my\u00f6s erityisasiantuntija Tytti Voutilainen Kansallisarkistosta.<\/p>\n\n\n\n<p>Webinaarin toisena esityksen\u00e4 oli erikoistutkija Ida Suolahden puheenvuoro: \u201dHelsingin kaupunki kartoitti pandemia-ajan tietoja hyviss\u00e4 ajoin. Yhteisty\u00f6 sujui korona-ajan hengess\u00e4, vaikka ennakoimme Kansallisarkiston kysymykset osin v\u00e4\u00e4rin.\u201d<\/p>\n\n\n\n<h3 class=\"wp-block-heading\" id=\"webinaari-25-11-2021-asiakirjallinen-kulttuuriperinto-tulevaisuudessa-ja-arkistolainsaadannon-uudistaminen\">Webinaari 25.11.2021. \u201dAsiakirjallinen kulttuuriperint\u00f6 tulevaisuudessa ja arkistolains\u00e4\u00e4d\u00e4nn\u00f6n uudistaminen\u201d.<\/h3>\n\n\n\n<p>Professori Laura Kolbe esitteli laatimaansa skenaarioty\u00f6t\u00e4 &#8221;Asiakirjallinen kulttuuriperint\u00f6 tulevaisuudessa ja arkistolains\u00e4\u00e4d\u00e4nn\u00f6n uudistaminen&#8221;. <\/p>\n\n\n\n<h3 class=\"wp-block-heading\" id=\"arkistoyhdistyksen-syysseminaari-29-10-klo-9-16\">Arkistoyhdistyksen syysseminaari 29.10. klo 9-16<\/h3>\n\n\n\n<p>Arkistoyhdistyksen syysseminaari j\u00e4rjestettiin 29.10.2021 klo 9-16. Teemana oli <strong><em>Arkistot, k\u00e4ytt\u00e4j\u00e4t ja muutos<\/em><\/strong>. <\/p>\n\n\n\n<p><strong>Seminaarin ohjelma:<\/strong><\/p>\n\n\n\n<p>9.00-9.15. Seminaarin avaus.&nbsp;<strong>Johanna Mieto<\/strong>, puheenjohtaja (Arkistoyhdistys)<\/p>\n\n\n\n<p>9.15-10.00.&nbsp;<em>Kenen kulttuuriperint\u00f6? Arkistollisen katseen suuntia.&nbsp;<\/em>Arkistonjohtaja&nbsp;<strong>Outi Hupaniittu&nbsp;<\/strong>(SKS)<\/p>\n\n\n\n<p>10.30-11.15.&nbsp;&nbsp;<em>Automaattinen sis\u00e4ll\u00f6nkuvailu kulttuuriperint\u00f6organisaatiossa: kokemuksia High Performance Digitisation -hankkeesta.&nbsp;<\/em>Tietoj\u00e4rjestelm\u00e4asiantuntija&nbsp;<strong>Osma Suominen&nbsp;<\/strong>(Kansalliskirjasto)<\/p>\n\n\n\n<p>11.15-12.00.&nbsp;&nbsp;<em>K\u00e4ytt\u00e4j\u00e4t tekij\u00f6in\u00e4 ja asiantuntijoina Ylen arkistojulkaisussa<\/em>. Suunnittelija&nbsp;<strong>Tuomas Nolvi<\/strong>&nbsp;(Yleisradion arkisto).<\/p>\n\n\n\n<p>13.00-13.45.&nbsp;&nbsp;<em>Verohallinnon palvelumuotoilu.<\/em>&nbsp;Asiakasymm\u00e4rryksen asiantuntija, muotoilija&nbsp;<strong>Kati Kujanen<\/strong>&nbsp;(Verohallinto).<\/p>\n\n\n\n<p>13.45-14.15.&nbsp;&nbsp;<em>Time Machine avaa uusia ulottuvuuksia kulttuuriperint\u00f6\u00f6n.&nbsp;<\/em>Kehitt\u00e4misp\u00e4\u00e4llikk\u00f6&nbsp;<strong>Tomi Ahoranta<\/strong>(Kansallisarkisto).<\/p>\n\n\n\n<p>14.15-14.30. Vuoden Arkistoteon julkistaminen. Arkistojen p\u00e4iv\u00e4n toimikunta.<\/p>\n\n\n\n<p>15.00-15.45.&nbsp;&nbsp;<em>Arkistojen digitaaliset palvelut \u2013 k\u00e4ytt\u00e4j\u00e4n n\u00e4k\u00f6kulma.<\/em>V\u00e4it\u00f6skirjatutkija&nbsp;<strong>Kaisa Kyl\u00e4koski<\/strong>&nbsp;(Jyv\u00e4skyl\u00e4n yliopisto).<\/p>\n\n\n\n<p>15.45-16.00. Seminaarin p\u00e4\u00e4t\u00f6s.&nbsp;<strong>Johanna Mieto<\/strong>, puheenjohtaja (Arkistoyhdistys).<\/p>\n\n\n\n<h3 class=\"wp-block-heading\" id=\"vuosikokous\"><br>Vuosikokous 2021<\/h3>\n\n\n\n<p>Arkistoyhdistys \u2013 Arkivf\u00f6reningen ry:n s\u00e4\u00e4nt\u00f6m\u00e4\u00e4r\u00e4inen vuosikokous j\u00e4rjestettiin keskiviikkona 9.6.2021. Ennen varsinaista kokousta FT, historiantutkija <strong>Aleksi Mainio<\/strong> piti vuosikokousesitelm\u00e4n aiheesta \u201dSuomalaiset Ven\u00e4j\u00e4ll\u00e4 1917\u20131964\u201d.&nbsp;<\/p>\n\n\n\n<h3 class=\"wp-block-heading\" id=\"arkistot-kayttoon-webinaarit\"><br>Arkistot k\u00e4ytt\u00f6\u00f6n -webinaarit<\/h3>\n\n\n\n<p>18.2.2021. \u201dLuovan ty\u00f6n tekij\u00e4 arkistossa\u201d. <strong>Kukka Lehto<\/strong>, muusikko, Pauanne-yhtye.<\/p>\n\n\n\n<p>17.3.2021. \u201dP\u00e4ivyst\u00e4v\u00e4 dosentti ja kaiken maailman arkistot\u201d. <strong>Samu Nystr\u00f6m<\/strong>, historiantutkija, tietokirjailija, dosentti, Helsingin yliopisto.<\/p>\n\n\n\n<p>14.4.2021 klo 17. \u201dHistorialliset aineistot ilmastotutkimuksessa\u201d. <strong>Antti M\u00e4kel\u00e4<\/strong>, FT, ryhm\u00e4p\u00e4\u00e4llikk\u00f6, ilmastonmuutos ja s\u00e4\u00e4n \u00e4\u00e4ri-ilmi\u00f6t, Ilmatieteen laitos.<\/p>\n\n\n\n<p>20.5.2021 klo 17. Tampereen yliopiston yhteiskuntatieteiden tiedekunnan dekaani, sosiaali- ja terveyspolitiikan professori&nbsp;<strong>Juho Saari&nbsp;<\/strong>kertoi tutkimuksistaan, jotka k\u00e4sittelev\u00e4t Kalajoen kapinaa, Kyllikki Saaren murhaa ja nyt ty\u00f6n alla olevaa Karjalan saamista takaisin soita kuivaamalla.<\/p>\n\n\n\n<p>8.6.2021 klo 17. Tampereen yliopiston tutkija, FT <strong>Tiina Miettinen<\/strong> puhui aiheesta \u201dSukututkija arkistoissa\u201d.&nbsp;<br><\/p>\n\n\n\n<p>29.9.2021 klo 17.&nbsp;Kansanmusiikki-instituutin v\u00e4it\u00f6skirjatutkija <strong>Outi Valo<\/strong> puhui aiheesta \u201dKansakunta kartalla: Erkki Ala-K\u00f6nnin kansanmusiikin tallennusty\u00f6 sotien j\u00e4lkeisess\u00e4 Suomessa.\u201d<\/p>\n\n\n\n<h3 class=\"wp-block-heading\" id=\"arkistoyhdistyksen-syysseminaari\"><br><strong>Arkistoyhdistyksen syysseminaari<\/strong><\/h3>\n\n\n\n<h4 class=\"wp-block-heading\" id=\"kriisinajan-tiedonhallinta-30-10-2020\"><strong>\u201dKriisinajan tiedonhallinta\u201d 30.10.2020<\/strong>.<\/h4>\n\n\n\n<h4 class=\"wp-block-heading\" id=\"ohjelma\">Ohjelma<\/h4>\n\n\n\n<p>Seminaarin avaus<br>Juha Hannikainen<\/p>\n\n\n\n<p>\u201dPoikkeusajan asiakirjallisen kulttuuriperinn\u00f6n dokumentointia verrokkimaissa (mm. Pohjoismaissa ja Alankomaissa)\u201d&nbsp;<br>Erityisasiantuntija Tytti Voutilainen, Kansallisarkisto<\/p>\n\n\n\n<p>\u201dDigiturva poikkeusoloissa ja DVV:n keinot sen parantamiseen\u201d<br>Johtava asiantuntija Erja Kinnunen, Digi- ja v\u00e4est\u00f6tietovirasto<\/p>\n\n\n\n<p>\u201dTiedonhallinta ja arkistointi kansainv\u00e4lisess\u00e4 yrityksess\u00e4 korona-aikana\u201d<br>Records Management Manager Mikko Hyv\u00e4rinen, Nokia Oyj<\/p>\n\n\n\n<p>Paneelikeskustelu seminaarin teemoista<br>Mukana keskustelemassa Tytti Voutilainen, Mikko Hyv\u00e4rinen, Erja Kinnunen ja Erja Mesik\u00e4mmen (TAAY ry). Puheenjohtajana Juha Hannikainen.<\/p>\n\n\n\n<p>Vuoden arkistoteon julkistaminen<\/p>\n\n\n\n<p>P\u00e4\u00e4t\u00f6ssanat<br>Juha Hannikainen<\/p>\n","protected":false},"excerpt":{"rendered":"<p>Tutustuminen SLS:n arkistoon ja tiloihin 4.5.2026 klo 16.30 Arkistoyhdistys j\u00e4rjest\u00e4\u00e4 j\u00e4senilleen tutustumisk\u00e4ynnin Svenska Litteraturs\u00e4llskapet i Finland rf:n (SLS) arkistoon ja SLS:n tiloihin maanantaina 4.5.2026 klo 16.30. Kokoontuminen Snellmaninkatu 13:n (Helsinki) aulassa klo 16.30 menness\u00e4. Kuulemme esityksi\u00e4 SLS:n arkiston ajankohtaisista asioista ja saamme katsauksen SLS:n toimintaan laajemminkin. Tilaisuuteen mahtuu ilmoittautumisj\u00e4rjestyksess\u00e4 25 henkil\u00f6\u00e4. Tilaisuuden kesto on 1,5\u20132 [&hellip;]<\/p>\n","protected":false},"author":1,"featured_media":0,"parent":0,"menu_order":0,"comment_status":"closed","ping_status":"closed","template":"","meta":{"footnotes":""},"class_list":["post-128","page","type-page","status-publish","hentry"],"_links":{"self":[{"href":"http:\/\/arkistoyhdistys.fi\/index.php\/wp-json\/wp\/v2\/pages\/128","targetHints":{"allow":["GET"]}}],"collection":[{"href":"http:\/\/arkistoyhdistys.fi\/index.php\/wp-json\/wp\/v2\/pages"}],"about":[{"href":"http:\/\/arkistoyhdistys.fi\/index.php\/wp-json\/wp\/v2\/types\/page"}],"author":[{"embeddable":true,"href":"http:\/\/arkistoyhdistys.fi\/index.php\/wp-json\/wp\/v2\/users\/1"}],"replies":[{"embeddable":true,"href":"http:\/\/arkistoyhdistys.fi\/index.php\/wp-json\/wp\/v2\/comments?post=128"}],"version-history":[{"count":154,"href":"http:\/\/arkistoyhdistys.fi\/index.php\/wp-json\/wp\/v2\/pages\/128\/revisions"}],"predecessor-version":[{"id":893,"href":"http:\/\/arkistoyhdistys.fi\/index.php\/wp-json\/wp\/v2\/pages\/128\/revisions\/893"}],"wp:attachment":[{"href":"http:\/\/arkistoyhdistys.fi\/index.php\/wp-json\/wp\/v2\/media?parent=128"}],"curies":[{"name":"wp","href":"https:\/\/api.w.org\/{rel}","templated":true}]}}